{"id":14143,"date":"2025-07-20T08:30:09","date_gmt":"2025-07-20T11:30:09","guid":{"rendered":"https:\/\/fullatacados.com.br\/index.php\/produto\/bagageiro-ybr125-pto-cr-sansao\/"},"modified":"2025-12-01T13:20:49","modified_gmt":"2025-12-01T16:20:49","slug":"bagageiro-ybr125-pto-cr-sansao","status":"publish","type":"product","link":"https:\/\/fullatacados.com.br\/index.php\/produto\/bagageiro-ybr125-pto-cr-sansao\/","title":{"rendered":"BAGAGEIRO YBR125 PTO\/CR SANSAO"},"content":{"rendered":"<p>Bagageiro YBR125 Preto\/Cromado \u2013 Sans\u00e3o<br \/>\nBagageiro traseiro em a\u00e7o maci\u00e7o para Yamaha YBR125 (2000-2008), com acabamento preto ou cromado. Resistente e f\u00e1cil de instalar, ideal para transportar cargas com seguran\u00e7a.<\/p>\n","protected":false},"excerpt":{"rendered":"<p>Bagageiro YBR125 Preto\/Cromado \u2013 Sans\u00e3o Bagageiro traseiro em a\u00e7o maci\u00e7o para Yamaha YBR125 (2000-2008), com acabamento preto ou cromado. Resistente e f\u00e1cil de instalar, ideal para transportar cargas com seguran\u00e7a.<\/p>\n","protected":false},"featured_media":14646,"comment_status":"open","ping_status":"closed","template":"","meta":{"_joinchat":[]},"product_brand":[],"product_cat":[482,15],"product_tag":[],"class_list":{"0":"post-14143","1":"product","2":"type-product","3":"status-publish","4":"has-post-thumbnail","6":"product_cat-moto-pecas","7":"product_cat-sem-categoria","8":"product_shipping_class-envionormal","10":"first","11":"instock","12":"shipping-taxable","13":"purchasable","14":"product-type-simple"},"_links":{"self":[{"href":"https:\/\/fullatacados.com.br\/index.php\/wp-json\/wp\/v2\/product\/14143","targetHints":{"allow":["GET"]}}],"collection":[{"href":"https:\/\/fullatacados.com.br\/index.php\/wp-json\/wp\/v2\/product"}],"about":[{"href":"https:\/\/fullatacados.com.br\/index.php\/wp-json\/wp\/v2\/types\/product"}],"replies":[{"embeddable":true,"href":"https:\/\/fullatacados.com.br\/index.php\/wp-json\/wp\/v2\/comments?post=14143"}],"wp:featuredmedia":[{"embeddable":true,"href":"https:\/\/fullatacados.com.br\/index.php\/wp-json\/wp\/v2\/media\/14646"}],"wp:attachment":[{"href":"https:\/\/fullatacados.com.br\/index.php\/wp-json\/wp\/v2\/media?parent=14143"}],"wp:term":[{"taxonomy":"product_brand","embeddable":true,"href":"https:\/\/fullatacados.com.br\/index.php\/wp-json\/wp\/v2\/product_brand?post=14143"},{"taxonomy":"product_cat","embeddable":true,"href":"https:\/\/fullatacados.com.br\/index.php\/wp-json\/wp\/v2\/product_cat?post=14143"},{"taxonomy":"product_tag","embeddable":true,"href":"https:\/\/fullatacados.com.br\/index.php\/wp-json\/wp\/v2\/product_tag?post=14143"}],"curies":[{"name":"wp","href":"https:\/\/api.w.org\/{rel}","templated":true}]}}