{"id":14132,"date":"2025-07-20T08:30:08","date_gmt":"2025-07-20T11:30:08","guid":{"rendered":"https:\/\/fullatacados.com.br\/index.php\/produto\/arvore-comando-escape-cb300-eixo\/"},"modified":"2026-04-08T18:00:08","modified_gmt":"2026-04-08T21:00:08","slug":"arvore-comando-escape-cb300-eixo","status":"publish","type":"product","link":"https:\/\/fullatacados.com.br\/index.php\/produto\/arvore-comando-escape-cb300-eixo\/","title":{"rendered":"ARVORE COMANDO ESCAPE CB300 EIXO"},"content":{"rendered":"<p>\u00c1rvore de Comando Escape CB300<br \/>\nPe\u00e7a respons\u00e1vel pelo acionamento das v\u00e1lvulas de escape da Honda CB300 (2009\u20132015). Fabricada em a\u00e7o tratado, oferece resist\u00eancia e durabilidade, garantindo o funcionamento eficiente do motor e a libera\u00e7\u00e3o adequada dos gases de escape.<\/p>\n","protected":false},"excerpt":{"rendered":"<p>\u00c1rvore de Comando Escape CB300 Pe\u00e7a respons\u00e1vel pelo acionamento das v\u00e1lvulas de escape da Honda CB300 (2009\u20132015). Fabricada em a\u00e7o tratado, oferece resist\u00eancia e durabilidade, garantindo o funcionamento eficiente do motor e a libera\u00e7\u00e3o adequada dos gases de escape.<\/p>\n","protected":false},"featured_media":14672,"comment_status":"open","ping_status":"closed","template":"","meta":{"_joinchat":[]},"product_brand":[199],"product_cat":[15],"product_tag":[],"class_list":{"0":"post-14132","1":"product","2":"type-product","3":"status-publish","4":"has-post-thumbnail","6":"product_brand-importado","7":"product_cat-sem-categoria","8":"product_shipping_class-envionormal","10":"first","11":"instock","12":"shipping-taxable","13":"purchasable","14":"product-type-simple"},"_links":{"self":[{"href":"https:\/\/fullatacados.com.br\/index.php\/wp-json\/wp\/v2\/product\/14132","targetHints":{"allow":["GET"]}}],"collection":[{"href":"https:\/\/fullatacados.com.br\/index.php\/wp-json\/wp\/v2\/product"}],"about":[{"href":"https:\/\/fullatacados.com.br\/index.php\/wp-json\/wp\/v2\/types\/product"}],"replies":[{"embeddable":true,"href":"https:\/\/fullatacados.com.br\/index.php\/wp-json\/wp\/v2\/comments?post=14132"}],"wp:featuredmedia":[{"embeddable":true,"href":"https:\/\/fullatacados.com.br\/index.php\/wp-json\/wp\/v2\/media\/14672"}],"wp:attachment":[{"href":"https:\/\/fullatacados.com.br\/index.php\/wp-json\/wp\/v2\/media?parent=14132"}],"wp:term":[{"taxonomy":"product_brand","embeddable":true,"href":"https:\/\/fullatacados.com.br\/index.php\/wp-json\/wp\/v2\/product_brand?post=14132"},{"taxonomy":"product_cat","embeddable":true,"href":"https:\/\/fullatacados.com.br\/index.php\/wp-json\/wp\/v2\/product_cat?post=14132"},{"taxonomy":"product_tag","embeddable":true,"href":"https:\/\/fullatacados.com.br\/index.php\/wp-json\/wp\/v2\/product_tag?post=14132"}],"curies":[{"name":"wp","href":"https:\/\/api.w.org\/{rel}","templated":true}]}}