{"id":14129,"date":"2025-07-20T08:25:09","date_gmt":"2025-07-20T11:25:09","guid":{"rendered":"https:\/\/fullatacados.com.br\/index.php\/produto\/arvore-comando-admissao-cb300-eixo\/"},"modified":"2026-04-28T14:20:07","modified_gmt":"2026-04-28T17:20:07","slug":"arvore-comando-admissao-cb300-eixo","status":"publish","type":"product","link":"https:\/\/fullatacados.com.br\/index.php\/produto\/arvore-comando-admissao-cb300-eixo\/","title":{"rendered":"ARVORE COMANDO ADMISSAO CB300 EIXO"},"content":{"rendered":"<p>rvore de Comando Admiss\u00e3o CB300<br \/>\nPe\u00e7a essencial para o controle das v\u00e1lvulas de admiss\u00e3o do motor Honda CB300 e modelos compat\u00edveis (XRE300, CBX250 Twister, XR250 Tornado). Fabricada em a\u00e7o tratado, garante durabilidade e sincronismo preciso para desempenho eficiente do motor.<\/p>\n","protected":false},"excerpt":{"rendered":"<p>rvore de Comando Admiss\u00e3o CB300 Pe\u00e7a essencial para o controle das v\u00e1lvulas de admiss\u00e3o do motor Honda CB300 e modelos compat\u00edveis (XRE300, CBX250 Twister, XR250 Tornado). Fabricada em a\u00e7o tratado, garante durabilidade e sincronismo preciso para desempenho eficiente do motor.<\/p>\n","protected":false},"featured_media":14675,"comment_status":"open","ping_status":"closed","template":"","meta":{"_joinchat":[]},"product_brand":[199],"product_cat":[482,15],"product_tag":[],"class_list":{"0":"post-14129","1":"product","2":"type-product","3":"status-publish","4":"has-post-thumbnail","6":"product_brand-importado","7":"product_cat-moto-pecas","8":"product_cat-sem-categoria","9":"product_shipping_class-envionormal","11":"first","12":"instock","13":"shipping-taxable","14":"purchasable","15":"product-type-simple"},"_links":{"self":[{"href":"https:\/\/fullatacados.com.br\/index.php\/wp-json\/wp\/v2\/product\/14129","targetHints":{"allow":["GET"]}}],"collection":[{"href":"https:\/\/fullatacados.com.br\/index.php\/wp-json\/wp\/v2\/product"}],"about":[{"href":"https:\/\/fullatacados.com.br\/index.php\/wp-json\/wp\/v2\/types\/product"}],"replies":[{"embeddable":true,"href":"https:\/\/fullatacados.com.br\/index.php\/wp-json\/wp\/v2\/comments?post=14129"}],"wp:featuredmedia":[{"embeddable":true,"href":"https:\/\/fullatacados.com.br\/index.php\/wp-json\/wp\/v2\/media\/14675"}],"wp:attachment":[{"href":"https:\/\/fullatacados.com.br\/index.php\/wp-json\/wp\/v2\/media?parent=14129"}],"wp:term":[{"taxonomy":"product_brand","embeddable":true,"href":"https:\/\/fullatacados.com.br\/index.php\/wp-json\/wp\/v2\/product_brand?post=14129"},{"taxonomy":"product_cat","embeddable":true,"href":"https:\/\/fullatacados.com.br\/index.php\/wp-json\/wp\/v2\/product_cat?post=14129"},{"taxonomy":"product_tag","embeddable":true,"href":"https:\/\/fullatacados.com.br\/index.php\/wp-json\/wp\/v2\/product_tag?post=14129"}],"curies":[{"name":"wp","href":"https:\/\/api.w.org\/{rel}","templated":true}]}}