{"id":14124,"date":"2025-07-20T08:25:08","date_gmt":"2025-07-20T11:25:08","guid":{"rendered":"https:\/\/fullatacados.com.br\/index.php\/produto\/amortecedor-xre300-scud\/"},"modified":"2026-04-29T09:50:07","modified_gmt":"2026-04-29T12:50:07","slug":"amortecedor-xre300-scud","status":"publish","type":"product","link":"https:\/\/fullatacados.com.br\/index.php\/produto\/amortecedor-xre300-scud\/","title":{"rendered":"AMORTECEDOR XRE300 SCUD"},"content":{"rendered":"<p>Amortecedor Traseiro XRE300 (2009\u20132023) \u2013 Scud<br \/>\nAmortecedor traseiro tipo Pro-Link compat\u00edvel com Honda XRE300. Fabricado com materiais de alta resist\u00eancia, oferece excelente absor\u00e7\u00e3o de impactos, estabilidade e conforto na pilotagem, ideal para uso urbano e off-road. Produto com qualidade Scud.<\/p>\n","protected":false},"excerpt":{"rendered":"<p>Amortecedor Traseiro XRE300 (2009\u20132023) \u2013 Scud Amortecedor traseiro tipo Pro-Link compat\u00edvel com Honda XRE300. Fabricado com materiais de alta resist\u00eancia, oferece excelente absor\u00e7\u00e3o de impactos, estabilidade e conforto na pilotagem, ideal para uso urbano e off-road. Produto com qualidade Scud.<\/p>\n","protected":false},"featured_media":14677,"comment_status":"open","ping_status":"closed","template":"","meta":{"_joinchat":[]},"product_brand":[185],"product_cat":[482,15],"product_tag":[],"class_list":{"0":"post-14124","1":"product","2":"type-product","3":"status-publish","4":"has-post-thumbnail","6":"product_brand-scud","7":"product_cat-moto-pecas","8":"product_cat-sem-categoria","9":"product_shipping_class-envionormal","11":"first","12":"instock","13":"shipping-taxable","14":"purchasable","15":"product-type-simple"},"_links":{"self":[{"href":"https:\/\/fullatacados.com.br\/index.php\/wp-json\/wp\/v2\/product\/14124","targetHints":{"allow":["GET"]}}],"collection":[{"href":"https:\/\/fullatacados.com.br\/index.php\/wp-json\/wp\/v2\/product"}],"about":[{"href":"https:\/\/fullatacados.com.br\/index.php\/wp-json\/wp\/v2\/types\/product"}],"replies":[{"embeddable":true,"href":"https:\/\/fullatacados.com.br\/index.php\/wp-json\/wp\/v2\/comments?post=14124"}],"wp:featuredmedia":[{"embeddable":true,"href":"https:\/\/fullatacados.com.br\/index.php\/wp-json\/wp\/v2\/media\/14677"}],"wp:attachment":[{"href":"https:\/\/fullatacados.com.br\/index.php\/wp-json\/wp\/v2\/media?parent=14124"}],"wp:term":[{"taxonomy":"product_brand","embeddable":true,"href":"https:\/\/fullatacados.com.br\/index.php\/wp-json\/wp\/v2\/product_brand?post=14124"},{"taxonomy":"product_cat","embeddable":true,"href":"https:\/\/fullatacados.com.br\/index.php\/wp-json\/wp\/v2\/product_cat?post=14124"},{"taxonomy":"product_tag","embeddable":true,"href":"https:\/\/fullatacados.com.br\/index.php\/wp-json\/wp\/v2\/product_tag?post=14124"}],"curies":[{"name":"wp","href":"https:\/\/api.w.org\/{rel}","templated":true}]}}