{"id":14118,"date":"2025-07-20T08:20:08","date_gmt":"2025-07-20T11:20:08","guid":{"rendered":"https:\/\/fullatacados.com.br\/index.php\/produto\/amortecedor-bros125-150-160-xre190\/"},"modified":"2026-05-01T09:45:07","modified_gmt":"2026-05-01T12:45:07","slug":"amortecedor-bros125-150-160-xre190","status":"publish","type":"product","link":"https:\/\/fullatacados.com.br\/index.php\/produto\/amortecedor-bros125-150-160-xre190\/","title":{"rendered":"AMORTECEDOR BROS125\/150\/160\/XRE190"},"content":{"rendered":"<p>Amortecedor para Bros 125\/150\/160 e XRE190<br \/>\nAmortecedor traseiro compat\u00edvel com Honda Bros 125, 150, 160 e XRE 190. Dispon\u00edvel em modelos Pro-Link e monoshock, fabricados por marcas como Scud, Cofap e outras. Oferece conforto, estabilidade e boa absor\u00e7\u00e3o de impactos, ideal para uso urbano e estradas. Op\u00e7\u00f5es variam entre originais e econ\u00f4micas para diferentes or\u00e7amentos.<\/p>\n","protected":false},"excerpt":{"rendered":"<p>Amortecedor para Bros 125\/150\/160 e XRE190 Amortecedor traseiro compat\u00edvel com Honda Bros 125, 150, 160 e XRE 190. Dispon\u00edvel em modelos Pro-Link e monoshock, fabricados por marcas como Scud, Cofap e outras. Oferece conforto, estabilidade e boa absor\u00e7\u00e3o de impactos, ideal para uso urbano e estradas. Op\u00e7\u00f5es variam entre originais e econ\u00f4micas para diferentes or\u00e7amentos.<\/p>\n","protected":false},"featured_media":14688,"comment_status":"open","ping_status":"closed","template":"","meta":{"_joinchat":[]},"product_brand":[199],"product_cat":[482,15],"product_tag":[],"class_list":{"0":"post-14118","1":"product","2":"type-product","3":"status-publish","4":"has-post-thumbnail","6":"product_brand-importado","7":"product_cat-moto-pecas","8":"product_cat-sem-categoria","9":"product_shipping_class-envionormal","11":"first","12":"instock","13":"shipping-taxable","14":"purchasable","15":"product-type-simple"},"_links":{"self":[{"href":"https:\/\/fullatacados.com.br\/index.php\/wp-json\/wp\/v2\/product\/14118","targetHints":{"allow":["GET"]}}],"collection":[{"href":"https:\/\/fullatacados.com.br\/index.php\/wp-json\/wp\/v2\/product"}],"about":[{"href":"https:\/\/fullatacados.com.br\/index.php\/wp-json\/wp\/v2\/types\/product"}],"replies":[{"embeddable":true,"href":"https:\/\/fullatacados.com.br\/index.php\/wp-json\/wp\/v2\/comments?post=14118"}],"wp:featuredmedia":[{"embeddable":true,"href":"https:\/\/fullatacados.com.br\/index.php\/wp-json\/wp\/v2\/media\/14688"}],"wp:attachment":[{"href":"https:\/\/fullatacados.com.br\/index.php\/wp-json\/wp\/v2\/media?parent=14118"}],"wp:term":[{"taxonomy":"product_brand","embeddable":true,"href":"https:\/\/fullatacados.com.br\/index.php\/wp-json\/wp\/v2\/product_brand?post=14118"},{"taxonomy":"product_cat","embeddable":true,"href":"https:\/\/fullatacados.com.br\/index.php\/wp-json\/wp\/v2\/product_cat?post=14118"},{"taxonomy":"product_tag","embeddable":true,"href":"https:\/\/fullatacados.com.br\/index.php\/wp-json\/wp\/v2\/product_tag?post=14118"}],"curies":[{"name":"wp","href":"https:\/\/api.w.org\/{rel}","templated":true}]}}