{"id":14117,"date":"2025-07-20T08:20:08","date_gmt":"2025-07-20T11:20:08","guid":{"rendered":"https:\/\/fullatacados.com.br\/index.php\/produto\/amortecedor-cb300r\/"},"modified":"2026-05-07T12:40:09","modified_gmt":"2026-05-07T15:40:09","slug":"amortecedor-cb300r","status":"publish","type":"product","link":"https:\/\/fullatacados.com.br\/index.php\/produto\/amortecedor-cb300r\/","title":{"rendered":"AMORTECEDOR CB300R IMPORTADO"},"content":{"rendered":"<p>Amortecedor CB300R \u2013 Traseiro<br \/>\nAmortecedor traseiro compat\u00edvel com Honda CB300R, ideal para reposi\u00e7\u00e3o. Conta com estrutura refor\u00e7ada, sistema Pro-Link (em modelos com essa configura\u00e7\u00e3o), mola resistente e boa capacidade de absor\u00e7\u00e3o de impacto. Proporciona estabilidade, conforto e seguran\u00e7a na pilotagem, tanto no uso urbano quanto em viagens.<\/p>\n","protected":false},"excerpt":{"rendered":"<p>Amortecedor CB300R \u2013 Traseiro Amortecedor traseiro compat\u00edvel com Honda CB300R, ideal para reposi\u00e7\u00e3o. Conta com estrutura refor\u00e7ada, sistema Pro-Link (em modelos com essa configura\u00e7\u00e3o), mola resistente e boa capacidade de absor\u00e7\u00e3o de impacto. Proporciona estabilidade, conforto e seguran\u00e7a na pilotagem, tanto no uso urbano quanto em viagens.<\/p>\n","protected":false},"featured_media":14683,"comment_status":"open","ping_status":"closed","template":"","meta":{"_joinchat":[]},"product_brand":[199],"product_cat":[482,15],"product_tag":[],"class_list":{"0":"post-14117","1":"product","2":"type-product","3":"status-publish","4":"has-post-thumbnail","6":"product_brand-importado","7":"product_cat-moto-pecas","8":"product_cat-sem-categoria","9":"product_shipping_class-envionormal","11":"first","12":"instock","13":"shipping-taxable","14":"purchasable","15":"product-type-simple"},"_links":{"self":[{"href":"https:\/\/fullatacados.com.br\/index.php\/wp-json\/wp\/v2\/product\/14117","targetHints":{"allow":["GET"]}}],"collection":[{"href":"https:\/\/fullatacados.com.br\/index.php\/wp-json\/wp\/v2\/product"}],"about":[{"href":"https:\/\/fullatacados.com.br\/index.php\/wp-json\/wp\/v2\/types\/product"}],"replies":[{"embeddable":true,"href":"https:\/\/fullatacados.com.br\/index.php\/wp-json\/wp\/v2\/comments?post=14117"}],"wp:featuredmedia":[{"embeddable":true,"href":"https:\/\/fullatacados.com.br\/index.php\/wp-json\/wp\/v2\/media\/14683"}],"wp:attachment":[{"href":"https:\/\/fullatacados.com.br\/index.php\/wp-json\/wp\/v2\/media?parent=14117"}],"wp:term":[{"taxonomy":"product_brand","embeddable":true,"href":"https:\/\/fullatacados.com.br\/index.php\/wp-json\/wp\/v2\/product_brand?post=14117"},{"taxonomy":"product_cat","embeddable":true,"href":"https:\/\/fullatacados.com.br\/index.php\/wp-json\/wp\/v2\/product_cat?post=14117"},{"taxonomy":"product_tag","embeddable":true,"href":"https:\/\/fullatacados.com.br\/index.php\/wp-json\/wp\/v2\/product_tag?post=14117"}],"curies":[{"name":"wp","href":"https:\/\/api.w.org\/{rel}","templated":true}]}}