{"id":14113,"date":"2025-07-20T08:20:08","date_gmt":"2025-07-20T11:20:08","guid":{"rendered":"https:\/\/fullatacados.com.br\/index.php\/produto\/alca-traseira-tit160-ld-mod-orig\/"},"modified":"2026-01-22T09:55:07","modified_gmt":"2026-01-22T12:55:07","slug":"alca-traseira-tit160-ld-mod-orig","status":"publish","type":"product","link":"https:\/\/fullatacados.com.br\/index.php\/produto\/alca-traseira-tit160-ld-mod-orig\/","title":{"rendered":"ALCA TRASEIRA TIT160 LD MOD ORIG"},"content":{"rendered":"<p>Al\u00e7a Traseira Titan 160 LD Modelo Original<br \/>\nPe\u00e7a original de reposi\u00e7\u00e3o para Honda Titan 160 LD. Fabricada com material resistente, garante seguran\u00e7a e suporte para o passageiro. F\u00e1cil instala\u00e7\u00e3o e acabamento compat\u00edvel com o modelo original da moto. Ideal para manuten\u00e7\u00e3o e substitui\u00e7\u00e3o.<\/p>\n","protected":false},"excerpt":{"rendered":"<p>Al\u00e7a Traseira Titan 160 LD Modelo Original Pe\u00e7a original de reposi\u00e7\u00e3o para Honda Titan 160 LD. Fabricada com material resistente, garante seguran\u00e7a e suporte para o passageiro. F\u00e1cil instala\u00e7\u00e3o e acabamento compat\u00edvel com o modelo original da moto. Ideal para manuten\u00e7\u00e3o e substitui\u00e7\u00e3o.<\/p>\n","protected":false},"featured_media":14686,"comment_status":"open","ping_status":"closed","template":"","meta":{"_joinchat":[]},"product_brand":[183],"product_cat":[482,15],"product_tag":[],"class_list":{"0":"post-14113","1":"product","2":"type-product","3":"status-publish","4":"has-post-thumbnail","6":"product_brand-pro-tork","7":"product_cat-moto-pecas","8":"product_cat-sem-categoria","9":"product_shipping_class-envionormal","11":"first","12":"instock","13":"shipping-taxable","14":"purchasable","15":"product-type-simple"},"_links":{"self":[{"href":"https:\/\/fullatacados.com.br\/index.php\/wp-json\/wp\/v2\/product\/14113","targetHints":{"allow":["GET"]}}],"collection":[{"href":"https:\/\/fullatacados.com.br\/index.php\/wp-json\/wp\/v2\/product"}],"about":[{"href":"https:\/\/fullatacados.com.br\/index.php\/wp-json\/wp\/v2\/types\/product"}],"replies":[{"embeddable":true,"href":"https:\/\/fullatacados.com.br\/index.php\/wp-json\/wp\/v2\/comments?post=14113"}],"wp:featuredmedia":[{"embeddable":true,"href":"https:\/\/fullatacados.com.br\/index.php\/wp-json\/wp\/v2\/media\/14686"}],"wp:attachment":[{"href":"https:\/\/fullatacados.com.br\/index.php\/wp-json\/wp\/v2\/media?parent=14113"}],"wp:term":[{"taxonomy":"product_brand","embeddable":true,"href":"https:\/\/fullatacados.com.br\/index.php\/wp-json\/wp\/v2\/product_brand?post=14113"},{"taxonomy":"product_cat","embeddable":true,"href":"https:\/\/fullatacados.com.br\/index.php\/wp-json\/wp\/v2\/product_cat?post=14113"},{"taxonomy":"product_tag","embeddable":true,"href":"https:\/\/fullatacados.com.br\/index.php\/wp-json\/wp\/v2\/product_tag?post=14113"}],"curies":[{"name":"wp","href":"https:\/\/api.w.org\/{rel}","templated":true}]}}