{"id":14111,"date":"2025-07-20T08:20:08","date_gmt":"2025-07-20T11:20:08","guid":{"rendered":"https:\/\/fullatacados.com.br\/index.php\/produto\/alca-traseira-tit150-fan160-14-24\/"},"modified":"2026-04-07T10:25:07","modified_gmt":"2026-04-07T13:25:07","slug":"alca-traseira-tit150-fan160-14-24","status":"publish","type":"product","link":"https:\/\/fullatacados.com.br\/index.php\/produto\/alca-traseira-tit150-fan160-14-24\/","title":{"rendered":"ALCA TRASEIRA TIT150\/FAN160 14\/24"},"content":{"rendered":"<p>Al\u00e7a Traseira Titan 150 \/ Fan 160<br \/>\nPe\u00e7a de reposi\u00e7\u00e3o compat\u00edvel com Honda Titan 150 e Fan 160. Fabricada em material resistente, oferece suporte seguro para o passageiro, f\u00e1cil instala\u00e7\u00e3o e acabamento que combina com o modelo original. Dispon\u00edvel em vers\u00f5es esportivas e cromadas para diferentes estilos e prefer\u00eancias.<\/p>\n","protected":false},"excerpt":{"rendered":"<p>Al\u00e7a Traseira Titan 150 \/ Fan 160 Pe\u00e7a de reposi\u00e7\u00e3o compat\u00edvel com Honda Titan 150 e Fan 160. Fabricada em material resistente, oferece suporte seguro para o passageiro, f\u00e1cil instala\u00e7\u00e3o e acabamento que combina com o modelo original. Dispon\u00edvel em vers\u00f5es esportivas e cromadas para diferentes estilos e prefer\u00eancias.<\/p>\n","protected":false},"featured_media":14692,"comment_status":"open","ping_status":"closed","template":"","meta":{"_joinchat":[]},"product_brand":[180],"product_cat":[482,15],"product_tag":[],"class_list":{"0":"post-14111","1":"product","2":"type-product","3":"status-publish","4":"has-post-thumbnail","6":"product_brand-paralelo","7":"product_cat-moto-pecas","8":"product_cat-sem-categoria","9":"product_shipping_class-envionormal","11":"first","12":"instock","13":"shipping-taxable","14":"purchasable","15":"product-type-simple"},"_links":{"self":[{"href":"https:\/\/fullatacados.com.br\/index.php\/wp-json\/wp\/v2\/product\/14111","targetHints":{"allow":["GET"]}}],"collection":[{"href":"https:\/\/fullatacados.com.br\/index.php\/wp-json\/wp\/v2\/product"}],"about":[{"href":"https:\/\/fullatacados.com.br\/index.php\/wp-json\/wp\/v2\/types\/product"}],"replies":[{"embeddable":true,"href":"https:\/\/fullatacados.com.br\/index.php\/wp-json\/wp\/v2\/comments?post=14111"}],"wp:featuredmedia":[{"embeddable":true,"href":"https:\/\/fullatacados.com.br\/index.php\/wp-json\/wp\/v2\/media\/14692"}],"wp:attachment":[{"href":"https:\/\/fullatacados.com.br\/index.php\/wp-json\/wp\/v2\/media?parent=14111"}],"wp:term":[{"taxonomy":"product_brand","embeddable":true,"href":"https:\/\/fullatacados.com.br\/index.php\/wp-json\/wp\/v2\/product_brand?post=14111"},{"taxonomy":"product_cat","embeddable":true,"href":"https:\/\/fullatacados.com.br\/index.php\/wp-json\/wp\/v2\/product_cat?post=14111"},{"taxonomy":"product_tag","embeddable":true,"href":"https:\/\/fullatacados.com.br\/index.php\/wp-json\/wp\/v2\/product_tag?post=14111"}],"curies":[{"name":"wp","href":"https:\/\/api.w.org\/{rel}","templated":true}]}}