{"id":14106,"date":"2025-07-20T08:20:07","date_gmt":"2025-07-20T11:20:07","guid":{"rendered":"https:\/\/fullatacados.com.br\/index.php\/produto\/alca-traseira-tit150-05-08\/"},"modified":"2026-04-20T17:45:06","modified_gmt":"2026-04-20T20:45:06","slug":"alca-traseira-tit150-05-08","status":"publish","type":"product","link":"https:\/\/fullatacados.com.br\/index.php\/produto\/alca-traseira-tit150-05-08\/","title":{"rendered":"ALCA TRASEIRA TIT150 05\/08"},"content":{"rendered":"<p>Al\u00e7a Traseira Titan 150 2005-2008 Cromada<br \/>\nAl\u00e7a traseira cromada compat\u00edvel com Honda Titan 150 anos 2005 a 2008. Oferece acabamento resistente e visual elegante, proporcionando conforto e seguran\u00e7a para o passageiro. F\u00e1cil instala\u00e7\u00e3o, ideal para reposi\u00e7\u00e3o e para manter o estilo original da moto com toque sofisticado.<\/p>\n","protected":false},"excerpt":{"rendered":"<p>Al\u00e7a Traseira Titan 150 2005-2008 Cromada Al\u00e7a traseira cromada compat\u00edvel com Honda Titan 150 anos 2005 a 2008. Oferece acabamento resistente e visual elegante, proporcionando conforto e seguran\u00e7a para o passageiro. F\u00e1cil instala\u00e7\u00e3o, ideal para reposi\u00e7\u00e3o e para manter o estilo original da moto com toque sofisticado.<\/p>\n","protected":false},"featured_media":14697,"comment_status":"open","ping_status":"closed","template":"","meta":{"_joinchat":[]},"product_brand":[183],"product_cat":[482,15],"product_tag":[],"class_list":{"0":"post-14106","1":"product","2":"type-product","3":"status-publish","4":"has-post-thumbnail","6":"product_brand-pro-tork","7":"product_cat-moto-pecas","8":"product_cat-sem-categoria","9":"product_shipping_class-envionormal","11":"first","12":"instock","13":"shipping-taxable","14":"purchasable","15":"product-type-simple"},"_links":{"self":[{"href":"https:\/\/fullatacados.com.br\/index.php\/wp-json\/wp\/v2\/product\/14106","targetHints":{"allow":["GET"]}}],"collection":[{"href":"https:\/\/fullatacados.com.br\/index.php\/wp-json\/wp\/v2\/product"}],"about":[{"href":"https:\/\/fullatacados.com.br\/index.php\/wp-json\/wp\/v2\/types\/product"}],"replies":[{"embeddable":true,"href":"https:\/\/fullatacados.com.br\/index.php\/wp-json\/wp\/v2\/comments?post=14106"}],"wp:featuredmedia":[{"embeddable":true,"href":"https:\/\/fullatacados.com.br\/index.php\/wp-json\/wp\/v2\/media\/14697"}],"wp:attachment":[{"href":"https:\/\/fullatacados.com.br\/index.php\/wp-json\/wp\/v2\/media?parent=14106"}],"wp:term":[{"taxonomy":"product_brand","embeddable":true,"href":"https:\/\/fullatacados.com.br\/index.php\/wp-json\/wp\/v2\/product_brand?post=14106"},{"taxonomy":"product_cat","embeddable":true,"href":"https:\/\/fullatacados.com.br\/index.php\/wp-json\/wp\/v2\/product_cat?post=14106"},{"taxonomy":"product_tag","embeddable":true,"href":"https:\/\/fullatacados.com.br\/index.php\/wp-json\/wp\/v2\/product_tag?post=14106"}],"curies":[{"name":"wp","href":"https:\/\/api.w.org\/{rel}","templated":true}]}}