{"id":14105,"date":"2025-07-20T08:15:08","date_gmt":"2025-07-20T11:15:08","guid":{"rendered":"https:\/\/fullatacados.com.br\/index.php\/produto\/alca-traseira-faz150-14-23-cro-vert\/"},"modified":"2026-04-20T10:55:08","modified_gmt":"2026-04-20T13:55:08","slug":"alca-traseira-faz150-14-23-cro-vert","status":"publish","type":"product","link":"https:\/\/fullatacados.com.br\/index.php\/produto\/alca-traseira-faz150-14-23-cro-vert\/","title":{"rendered":"ALCA TRASEIRA FAZ150 14\/23 CRO VERT"},"content":{"rendered":"<p>l\u00e7a Traseira Fazer 150 14\/23 Cromada Vertical<br \/>\nAl\u00e7a de apoio cromada com design vertical, compat\u00edvel com Yamaha Fazer 150 de 2014 a 2023. Fabricada em material resistente, oferece conforto e seguran\u00e7a ao garupa, al\u00e9m de dar um visual esportivo \u00e0 moto. Encaixe direto no chassi, sem necessidade de adapta\u00e7\u00f5es. Ideal para reposi\u00e7\u00e3o ou personaliza\u00e7\u00e3o.<\/p>\n","protected":false},"excerpt":{"rendered":"<p>l\u00e7a Traseira Fazer 150 14\/23 Cromada Vertical Al\u00e7a de apoio cromada com design vertical, compat\u00edvel com Yamaha Fazer 150 de 2014 a 2023. Fabricada em material resistente, oferece conforto e seguran\u00e7a ao garupa, al\u00e9m de dar um visual esportivo \u00e0 moto. Encaixe direto no chassi, sem necessidade de adapta\u00e7\u00f5es. Ideal para reposi\u00e7\u00e3o ou personaliza\u00e7\u00e3o.<\/p>\n","protected":false},"featured_media":14702,"comment_status":"open","ping_status":"closed","template":"","meta":{"_joinchat":[]},"product_brand":[278],"product_cat":[482,15],"product_tag":[],"class_list":{"0":"post-14105","1":"product","2":"type-product","3":"status-publish","4":"has-post-thumbnail","6":"product_brand-aurorense","7":"product_cat-moto-pecas","8":"product_cat-sem-categoria","9":"product_shipping_class-envionormal","11":"first","12":"instock","13":"shipping-taxable","14":"purchasable","15":"product-type-simple"},"_links":{"self":[{"href":"https:\/\/fullatacados.com.br\/index.php\/wp-json\/wp\/v2\/product\/14105","targetHints":{"allow":["GET"]}}],"collection":[{"href":"https:\/\/fullatacados.com.br\/index.php\/wp-json\/wp\/v2\/product"}],"about":[{"href":"https:\/\/fullatacados.com.br\/index.php\/wp-json\/wp\/v2\/types\/product"}],"replies":[{"embeddable":true,"href":"https:\/\/fullatacados.com.br\/index.php\/wp-json\/wp\/v2\/comments?post=14105"}],"wp:featuredmedia":[{"embeddable":true,"href":"https:\/\/fullatacados.com.br\/index.php\/wp-json\/wp\/v2\/media\/14702"}],"wp:attachment":[{"href":"https:\/\/fullatacados.com.br\/index.php\/wp-json\/wp\/v2\/media?parent=14105"}],"wp:term":[{"taxonomy":"product_brand","embeddable":true,"href":"https:\/\/fullatacados.com.br\/index.php\/wp-json\/wp\/v2\/product_brand?post=14105"},{"taxonomy":"product_cat","embeddable":true,"href":"https:\/\/fullatacados.com.br\/index.php\/wp-json\/wp\/v2\/product_cat?post=14105"},{"taxonomy":"product_tag","embeddable":true,"href":"https:\/\/fullatacados.com.br\/index.php\/wp-json\/wp\/v2\/product_tag?post=14105"}],"curies":[{"name":"wp","href":"https:\/\/api.w.org\/{rel}","templated":true}]}}