{"id":14104,"date":"2025-07-20T08:15:08","date_gmt":"2025-07-20T11:15:08","guid":{"rendered":"https:\/\/fullatacados.com.br\/index.php\/produto\/alca-traseira-fact125\/"},"modified":"2026-04-15T15:20:07","modified_gmt":"2026-04-15T18:20:07","slug":"alca-traseira-fact125","status":"publish","type":"product","link":"https:\/\/fullatacados.com.br\/index.php\/produto\/alca-traseira-fact125\/","title":{"rendered":"ALCA TRASEIRA FACT125"},"content":{"rendered":"<p>Al\u00e7a Traseira Factor 125\/150<br \/>\nCompat\u00edvel com Yamaha Factor 125 e 150. Fabricada em a\u00e7o resistente, com acabamento preto ou cromado. Oferece apoio seguro ao garupa, f\u00e1cil instala\u00e7\u00e3o e encaixe perfeito nos pontos originais da moto. Ideal para reposi\u00e7\u00e3o ou personaliza\u00e7\u00e3o.<\/p>\n","protected":false},"excerpt":{"rendered":"<p>Al\u00e7a Traseira Factor 125\/150 Compat\u00edvel com Yamaha Factor 125 e 150. Fabricada em a\u00e7o resistente, com acabamento preto ou cromado. Oferece apoio seguro ao garupa, f\u00e1cil instala\u00e7\u00e3o e encaixe perfeito nos pontos originais da moto. Ideal para reposi\u00e7\u00e3o ou personaliza\u00e7\u00e3o.<\/p>\n","protected":false},"featured_media":14705,"comment_status":"open","ping_status":"closed","template":"","meta":{"_joinchat":[]},"product_brand":[183],"product_cat":[482,15],"product_tag":[],"class_list":{"0":"post-14104","1":"product","2":"type-product","3":"status-publish","4":"has-post-thumbnail","6":"product_brand-pro-tork","7":"product_cat-moto-pecas","8":"product_cat-sem-categoria","9":"product_shipping_class-envionormal","11":"first","12":"instock","13":"shipping-taxable","14":"purchasable","15":"product-type-simple"},"_links":{"self":[{"href":"https:\/\/fullatacados.com.br\/index.php\/wp-json\/wp\/v2\/product\/14104","targetHints":{"allow":["GET"]}}],"collection":[{"href":"https:\/\/fullatacados.com.br\/index.php\/wp-json\/wp\/v2\/product"}],"about":[{"href":"https:\/\/fullatacados.com.br\/index.php\/wp-json\/wp\/v2\/types\/product"}],"replies":[{"embeddable":true,"href":"https:\/\/fullatacados.com.br\/index.php\/wp-json\/wp\/v2\/comments?post=14104"}],"wp:featuredmedia":[{"embeddable":true,"href":"https:\/\/fullatacados.com.br\/index.php\/wp-json\/wp\/v2\/media\/14705"}],"wp:attachment":[{"href":"https:\/\/fullatacados.com.br\/index.php\/wp-json\/wp\/v2\/media?parent=14104"}],"wp:term":[{"taxonomy":"product_brand","embeddable":true,"href":"https:\/\/fullatacados.com.br\/index.php\/wp-json\/wp\/v2\/product_brand?post=14104"},{"taxonomy":"product_cat","embeddable":true,"href":"https:\/\/fullatacados.com.br\/index.php\/wp-json\/wp\/v2\/product_cat?post=14104"},{"taxonomy":"product_tag","embeddable":true,"href":"https:\/\/fullatacados.com.br\/index.php\/wp-json\/wp\/v2\/product_tag?post=14104"}],"curies":[{"name":"wp","href":"https:\/\/api.w.org\/{rel}","templated":true}]}}