{"id":14103,"date":"2025-07-20T08:15:08","date_gmt":"2025-07-20T11:15:08","guid":{"rendered":"https:\/\/fullatacados.com.br\/index.php\/produto\/alca-traseira-tit125-fan125-00-08\/"},"modified":"2026-04-29T17:20:07","modified_gmt":"2026-04-29T20:20:07","slug":"alca-traseira-tit125-fan125-00-08","status":"publish","type":"product","link":"https:\/\/fullatacados.com.br\/index.php\/produto\/alca-traseira-tit125-fan125-00-08\/","title":{"rendered":"ALCA TRASEIRA TIT125\/FAN125 00\/08"},"content":{"rendered":"<p>Al\u00e7a Traseira Titan\/Fan 125 00\/08<br \/>\nCompat\u00edvel com Honda Titan 125 (2000\u20132004) e Fan 125 (2005\u20132008). Fabricada em a\u00e7o resistente, com acabamento preto ou cromado. Oferece apoio seguro ao garupa, com encaixe perfeito nos pontos originais e f\u00e1cil instala\u00e7\u00e3o. Ideal para reposi\u00e7\u00e3o ou personaliza\u00e7\u00e3o da moto<\/p>\n","protected":false},"excerpt":{"rendered":"<p>Al\u00e7a Traseira Titan\/Fan 125 00\/08 Compat\u00edvel com Honda Titan 125 (2000\u20132004) e Fan 125 (2005\u20132008). Fabricada em a\u00e7o resistente, com acabamento preto ou cromado. Oferece apoio seguro ao garupa, com encaixe perfeito nos pontos originais e f\u00e1cil instala\u00e7\u00e3o. Ideal para reposi\u00e7\u00e3o ou personaliza\u00e7\u00e3o da moto<\/p>\n","protected":false},"featured_media":14706,"comment_status":"open","ping_status":"closed","template":"","meta":{"_joinchat":[]},"product_brand":[183],"product_cat":[482,15],"product_tag":[],"class_list":{"0":"post-14103","1":"product","2":"type-product","3":"status-publish","4":"has-post-thumbnail","6":"product_brand-pro-tork","7":"product_cat-moto-pecas","8":"product_cat-sem-categoria","9":"product_shipping_class-envionormal","11":"first","12":"instock","13":"shipping-taxable","14":"purchasable","15":"product-type-simple"},"_links":{"self":[{"href":"https:\/\/fullatacados.com.br\/index.php\/wp-json\/wp\/v2\/product\/14103","targetHints":{"allow":["GET"]}}],"collection":[{"href":"https:\/\/fullatacados.com.br\/index.php\/wp-json\/wp\/v2\/product"}],"about":[{"href":"https:\/\/fullatacados.com.br\/index.php\/wp-json\/wp\/v2\/types\/product"}],"replies":[{"embeddable":true,"href":"https:\/\/fullatacados.com.br\/index.php\/wp-json\/wp\/v2\/comments?post=14103"}],"wp:featuredmedia":[{"embeddable":true,"href":"https:\/\/fullatacados.com.br\/index.php\/wp-json\/wp\/v2\/media\/14706"}],"wp:attachment":[{"href":"https:\/\/fullatacados.com.br\/index.php\/wp-json\/wp\/v2\/media?parent=14103"}],"wp:term":[{"taxonomy":"product_brand","embeddable":true,"href":"https:\/\/fullatacados.com.br\/index.php\/wp-json\/wp\/v2\/product_brand?post=14103"},{"taxonomy":"product_cat","embeddable":true,"href":"https:\/\/fullatacados.com.br\/index.php\/wp-json\/wp\/v2\/product_cat?post=14103"},{"taxonomy":"product_tag","embeddable":true,"href":"https:\/\/fullatacados.com.br\/index.php\/wp-json\/wp\/v2\/product_tag?post=14103"}],"curies":[{"name":"wp","href":"https:\/\/api.w.org\/{rel}","templated":true}]}}