{"id":14100,"date":"2025-07-20T08:15:07","date_gmt":"2025-07-20T11:15:07","guid":{"rendered":"https:\/\/fullatacados.com.br\/index.php\/produto\/alca-traseira-biz125-06-10-par\/"},"modified":"2026-04-29T18:25:08","modified_gmt":"2026-04-29T21:25:08","slug":"alca-traseira-biz125-06-10-par","status":"publish","type":"product","link":"https:\/\/fullatacados.com.br\/index.php\/produto\/alca-traseira-biz125-06-10-par\/","title":{"rendered":"ALCA TRASEIRA BIZ125 06\/10 PAR"},"content":{"rendered":"<p>Al\u00e7a Traseira Biz125 2006\/2010 (par)<br \/>\nAl\u00e7a traseira compat\u00edvel com Honda Biz 125 dos anos 2006 a 2010. Fabricada em a\u00e7o resistente, com acabamento preto ou cromado. Oferece apoio seguro para o garupa, f\u00e1cil instala\u00e7\u00e3o e encaixe direto nos pontos originais da moto. Ideal para reposi\u00e7\u00e3o ou customiza\u00e7\u00e3o.<\/p>\n","protected":false},"excerpt":{"rendered":"<p>Al\u00e7a Traseira Biz125 2006\/2010 (par) Al\u00e7a traseira compat\u00edvel com Honda Biz 125 dos anos 2006 a 2010. Fabricada em a\u00e7o resistente, com acabamento preto ou cromado. Oferece apoio seguro para o garupa, f\u00e1cil instala\u00e7\u00e3o e encaixe direto nos pontos originais da moto. Ideal para reposi\u00e7\u00e3o ou customiza\u00e7\u00e3o.<\/p>\n","protected":false},"featured_media":14710,"comment_status":"open","ping_status":"closed","template":"","meta":{"_joinchat":[]},"product_brand":[183],"product_cat":[482,15],"product_tag":[],"class_list":{"0":"post-14100","1":"product","2":"type-product","3":"status-publish","4":"has-post-thumbnail","6":"product_brand-pro-tork","7":"product_cat-moto-pecas","8":"product_cat-sem-categoria","9":"product_shipping_class-envionormal","11":"first","12":"instock","13":"shipping-taxable","14":"purchasable","15":"product-type-simple"},"_links":{"self":[{"href":"https:\/\/fullatacados.com.br\/index.php\/wp-json\/wp\/v2\/product\/14100","targetHints":{"allow":["GET"]}}],"collection":[{"href":"https:\/\/fullatacados.com.br\/index.php\/wp-json\/wp\/v2\/product"}],"about":[{"href":"https:\/\/fullatacados.com.br\/index.php\/wp-json\/wp\/v2\/types\/product"}],"replies":[{"embeddable":true,"href":"https:\/\/fullatacados.com.br\/index.php\/wp-json\/wp\/v2\/comments?post=14100"}],"wp:featuredmedia":[{"embeddable":true,"href":"https:\/\/fullatacados.com.br\/index.php\/wp-json\/wp\/v2\/media\/14710"}],"wp:attachment":[{"href":"https:\/\/fullatacados.com.br\/index.php\/wp-json\/wp\/v2\/media?parent=14100"}],"wp:term":[{"taxonomy":"product_brand","embeddable":true,"href":"https:\/\/fullatacados.com.br\/index.php\/wp-json\/wp\/v2\/product_brand?post=14100"},{"taxonomy":"product_cat","embeddable":true,"href":"https:\/\/fullatacados.com.br\/index.php\/wp-json\/wp\/v2\/product_cat?post=14100"},{"taxonomy":"product_tag","embeddable":true,"href":"https:\/\/fullatacados.com.br\/index.php\/wp-json\/wp\/v2\/product_tag?post=14100"}],"curies":[{"name":"wp","href":"https:\/\/api.w.org\/{rel}","templated":true}]}}