{"id":14097,"date":"2025-07-17T11:00:09","date_gmt":"2025-07-17T14:00:09","guid":{"rendered":"https:\/\/fullatacados.com.br\/index.php\/produto\/disco-embreagem-faz150\/"},"modified":"2026-04-30T14:45:07","modified_gmt":"2026-04-30T17:45:07","slug":"disco-embreagem-faz150","status":"publish","type":"product","link":"https:\/\/fullatacados.com.br\/index.php\/produto\/disco-embreagem-faz150\/","title":{"rendered":"DISCO EMBREAGEM FAZ150"},"content":{"rendered":"<p>Disco de Embreagem FAZ150<br \/>\nPe\u00e7a de reposi\u00e7\u00e3o original para Yamaha FAZ150, fabricada com material resistente para garantir durabilidade e desempenho na transmiss\u00e3o da for\u00e7a do motor. Compat\u00edvel com modelos FAZ150, proporciona troca suave e eficiente da embreagem, garantindo estabilidade e seguran\u00e7a na pilotagem. F\u00e1cil instala\u00e7\u00e3o e encaixe perfeito.<\/p>\n","protected":false},"excerpt":{"rendered":"<p>Disco de Embreagem FAZ150 Pe\u00e7a de reposi\u00e7\u00e3o original para Yamaha FAZ150, fabricada com material resistente para garantir durabilidade e desempenho na transmiss\u00e3o da for\u00e7a do motor. Compat\u00edvel com modelos FAZ150, proporciona troca suave e eficiente da embreagem, garantindo estabilidade e seguran\u00e7a na pilotagem. F\u00e1cil instala\u00e7\u00e3o e encaixe perfeito.<\/p>\n","protected":false},"featured_media":14381,"comment_status":"open","ping_status":"closed","template":"","meta":{"_joinchat":[]},"product_brand":[199],"product_cat":[482,15],"product_tag":[],"class_list":{"0":"post-14097","1":"product","2":"type-product","3":"status-publish","4":"has-post-thumbnail","6":"product_brand-importado","7":"product_cat-moto-pecas","8":"product_cat-sem-categoria","9":"product_shipping_class-envionormal","11":"first","12":"instock","13":"shipping-taxable","14":"purchasable","15":"product-type-simple"},"_links":{"self":[{"href":"https:\/\/fullatacados.com.br\/index.php\/wp-json\/wp\/v2\/product\/14097","targetHints":{"allow":["GET"]}}],"collection":[{"href":"https:\/\/fullatacados.com.br\/index.php\/wp-json\/wp\/v2\/product"}],"about":[{"href":"https:\/\/fullatacados.com.br\/index.php\/wp-json\/wp\/v2\/types\/product"}],"replies":[{"embeddable":true,"href":"https:\/\/fullatacados.com.br\/index.php\/wp-json\/wp\/v2\/comments?post=14097"}],"wp:featuredmedia":[{"embeddable":true,"href":"https:\/\/fullatacados.com.br\/index.php\/wp-json\/wp\/v2\/media\/14381"}],"wp:attachment":[{"href":"https:\/\/fullatacados.com.br\/index.php\/wp-json\/wp\/v2\/media?parent=14097"}],"wp:term":[{"taxonomy":"product_brand","embeddable":true,"href":"https:\/\/fullatacados.com.br\/index.php\/wp-json\/wp\/v2\/product_brand?post=14097"},{"taxonomy":"product_cat","embeddable":true,"href":"https:\/\/fullatacados.com.br\/index.php\/wp-json\/wp\/v2\/product_cat?post=14097"},{"taxonomy":"product_tag","embeddable":true,"href":"https:\/\/fullatacados.com.br\/index.php\/wp-json\/wp\/v2\/product_tag?post=14097"}],"curies":[{"name":"wp","href":"https:\/\/api.w.org\/{rel}","templated":true}]}}