{"id":14088,"date":"2025-07-16T10:00:08","date_gmt":"2025-07-16T13:00:08","guid":{"rendered":"https:\/\/fullatacados.com.br\/index.php\/produto\/tampa-lateral-cg150-esd-2007-laranja\/"},"modified":"2025-12-01T13:21:41","modified_gmt":"2025-12-01T16:21:41","slug":"tampa-lateral-cg150-esd-2007-laranja","status":"publish","type":"product","link":"https:\/\/fullatacados.com.br\/index.php\/produto\/tampa-lateral-cg150-esd-2007-laranja\/","title":{"rendered":"TAMPA LATERAL CG150 ESD 2007 LARANJA"},"content":{"rendered":"<p>A Tampa Lateral Laranja para a Honda CG 150 Titan ESD 2007 \u00e9 uma pe\u00e7a de reposi\u00e7\u00e3o que combina funcionalidade e est\u00e9tica, ideal para substituir tampas danificadas ou para personalizar sua moto com um visual mais vibrante.<\/p>\n","protected":false},"excerpt":{"rendered":"<p>A Tampa Lateral Laranja para a Honda CG 150 Titan ESD 2007 \u00e9 uma pe\u00e7a de reposi\u00e7\u00e3o que combina funcionalidade e est\u00e9tica, ideal para substituir tampas danificadas ou para personalizar sua moto com um visual mais vibrante.<\/p>\n","protected":false},"featured_media":14712,"comment_status":"open","ping_status":"closed","template":"","meta":{"_joinchat":[]},"product_brand":[],"product_cat":[482,15],"product_tag":[],"class_list":{"0":"post-14088","1":"product","2":"type-product","3":"status-publish","4":"has-post-thumbnail","6":"product_cat-moto-pecas","7":"product_cat-sem-categoria","8":"product_shipping_class-envionormal","10":"first","11":"instock","12":"shipping-taxable","13":"purchasable","14":"product-type-simple"},"_links":{"self":[{"href":"https:\/\/fullatacados.com.br\/index.php\/wp-json\/wp\/v2\/product\/14088","targetHints":{"allow":["GET"]}}],"collection":[{"href":"https:\/\/fullatacados.com.br\/index.php\/wp-json\/wp\/v2\/product"}],"about":[{"href":"https:\/\/fullatacados.com.br\/index.php\/wp-json\/wp\/v2\/types\/product"}],"replies":[{"embeddable":true,"href":"https:\/\/fullatacados.com.br\/index.php\/wp-json\/wp\/v2\/comments?post=14088"}],"wp:featuredmedia":[{"embeddable":true,"href":"https:\/\/fullatacados.com.br\/index.php\/wp-json\/wp\/v2\/media\/14712"}],"wp:attachment":[{"href":"https:\/\/fullatacados.com.br\/index.php\/wp-json\/wp\/v2\/media?parent=14088"}],"wp:term":[{"taxonomy":"product_brand","embeddable":true,"href":"https:\/\/fullatacados.com.br\/index.php\/wp-json\/wp\/v2\/product_brand?post=14088"},{"taxonomy":"product_cat","embeddable":true,"href":"https:\/\/fullatacados.com.br\/index.php\/wp-json\/wp\/v2\/product_cat?post=14088"},{"taxonomy":"product_tag","embeddable":true,"href":"https:\/\/fullatacados.com.br\/index.php\/wp-json\/wp\/v2\/product_tag?post=14088"}],"curies":[{"name":"wp","href":"https:\/\/api.w.org\/{rel}","templated":true}]}}