{"id":14083,"date":"2025-07-15T17:00:09","date_gmt":"2025-07-15T20:00:09","guid":{"rendered":"https:\/\/fullatacados.com.br\/index.php\/produto\/tampa-lateral-fan125-09-11-preto-in\/"},"modified":"2026-01-31T12:05:07","modified_gmt":"2026-01-31T15:05:07","slug":"tampa-lateral-fan125-09-11-preto-in","status":"publish","type":"product","link":"https:\/\/fullatacados.com.br\/index.php\/produto\/tampa-lateral-fan125-09-11-preto-in\/","title":{"rendered":"TAMPA LATERAL FAN125 09\/11 PRETO IN"},"content":{"rendered":"<p>Tampa lateral preta para Honda Fan 125 (2009 a 2011), fabricada em pl\u00e1stico injetado resistente. Pe\u00e7a original para prote\u00e7\u00e3o dos componentes internos e acabamento do visual da moto. F\u00e1cil instala\u00e7\u00e3o com encaixe perfeito.<\/p>\n","protected":false},"excerpt":{"rendered":"<p>Tampa lateral preta para Honda Fan 125 (2009 a 2011), fabricada em pl\u00e1stico injetado resistente. Pe\u00e7a original para prote\u00e7\u00e3o dos componentes internos e acabamento do visual da moto. F\u00e1cil instala\u00e7\u00e3o com encaixe perfeito.<\/p>\n","protected":false},"featured_media":14715,"comment_status":"open","ping_status":"closed","template":"","meta":{"_joinchat":[]},"product_brand":[184],"product_cat":[482,15],"product_tag":[],"class_list":{"0":"post-14083","1":"product","2":"type-product","3":"status-publish","4":"has-post-thumbnail","6":"product_brand-tork","7":"product_cat-moto-pecas","8":"product_cat-sem-categoria","9":"product_shipping_class-envionormal","11":"first","12":"instock","13":"shipping-taxable","14":"purchasable","15":"product-type-simple"},"_links":{"self":[{"href":"https:\/\/fullatacados.com.br\/index.php\/wp-json\/wp\/v2\/product\/14083","targetHints":{"allow":["GET"]}}],"collection":[{"href":"https:\/\/fullatacados.com.br\/index.php\/wp-json\/wp\/v2\/product"}],"about":[{"href":"https:\/\/fullatacados.com.br\/index.php\/wp-json\/wp\/v2\/types\/product"}],"replies":[{"embeddable":true,"href":"https:\/\/fullatacados.com.br\/index.php\/wp-json\/wp\/v2\/comments?post=14083"}],"wp:featuredmedia":[{"embeddable":true,"href":"https:\/\/fullatacados.com.br\/index.php\/wp-json\/wp\/v2\/media\/14715"}],"wp:attachment":[{"href":"https:\/\/fullatacados.com.br\/index.php\/wp-json\/wp\/v2\/media?parent=14083"}],"wp:term":[{"taxonomy":"product_brand","embeddable":true,"href":"https:\/\/fullatacados.com.br\/index.php\/wp-json\/wp\/v2\/product_brand?post=14083"},{"taxonomy":"product_cat","embeddable":true,"href":"https:\/\/fullatacados.com.br\/index.php\/wp-json\/wp\/v2\/product_cat?post=14083"},{"taxonomy":"product_tag","embeddable":true,"href":"https:\/\/fullatacados.com.br\/index.php\/wp-json\/wp\/v2\/product_tag?post=14083"}],"curies":[{"name":"wp","href":"https:\/\/api.w.org\/{rel}","templated":true}]}}