{"id":14082,"date":"2025-07-15T15:20:08","date_gmt":"2025-07-15T18:20:08","guid":{"rendered":"https:\/\/fullatacados.com.br\/index.php\/produto\/vela-lmar8a-9-ngk\/"},"modified":"2026-04-28T09:15:07","modified_gmt":"2026-04-28T12:15:07","slug":"vela-lmar8a-9-ngk","status":"publish","type":"product","link":"https:\/\/fullatacados.com.br\/index.php\/produto\/vela-lmar8a-9-ngk\/","title":{"rendered":"VELA LMAR8A-9 NGK"},"content":{"rendered":"","protected":false},"excerpt":{"rendered":"<p>A vela de igni\u00e7\u00e3o NGK \u00e9 sin\u00f4nimo de qualidade, durabilidade e desempenho. Fabricada com materiais de alta tecnologia, ela garante uma queima eficiente da mistura ar-combust\u00edvel, proporcionando partidas r\u00e1pidas, menor consumo de combust\u00edvel e redu\u00e7\u00e3o na emiss\u00e3o de poluentes. Indicada para motos e carros, a NGK \u00e9 a escolha de confian\u00e7a tanto para uso di\u00e1rio quanto para alta performance. Produto original, com excelente resist\u00eancia t\u00e9rmica e longa vida \u00fatil. Ideal para quem busca seguran\u00e7a e rendimento no motor.<\/p>\n","protected":false},"featured_media":14359,"comment_status":"open","ping_status":"closed","template":"","meta":{"_joinchat":[]},"product_brand":[242],"product_cat":[482,15],"product_tag":[],"class_list":{"0":"post-14082","1":"product","2":"type-product","3":"status-publish","4":"has-post-thumbnail","6":"product_brand-ngk","7":"product_cat-moto-pecas","8":"product_cat-sem-categoria","9":"product_shipping_class-envionormal","11":"first","12":"instock","13":"shipping-taxable","14":"purchasable","15":"product-type-simple"},"_links":{"self":[{"href":"https:\/\/fullatacados.com.br\/index.php\/wp-json\/wp\/v2\/product\/14082","targetHints":{"allow":["GET"]}}],"collection":[{"href":"https:\/\/fullatacados.com.br\/index.php\/wp-json\/wp\/v2\/product"}],"about":[{"href":"https:\/\/fullatacados.com.br\/index.php\/wp-json\/wp\/v2\/types\/product"}],"replies":[{"embeddable":true,"href":"https:\/\/fullatacados.com.br\/index.php\/wp-json\/wp\/v2\/comments?post=14082"}],"wp:featuredmedia":[{"embeddable":true,"href":"https:\/\/fullatacados.com.br\/index.php\/wp-json\/wp\/v2\/media\/14359"}],"wp:attachment":[{"href":"https:\/\/fullatacados.com.br\/index.php\/wp-json\/wp\/v2\/media?parent=14082"}],"wp:term":[{"taxonomy":"product_brand","embeddable":true,"href":"https:\/\/fullatacados.com.br\/index.php\/wp-json\/wp\/v2\/product_brand?post=14082"},{"taxonomy":"product_cat","embeddable":true,"href":"https:\/\/fullatacados.com.br\/index.php\/wp-json\/wp\/v2\/product_cat?post=14082"},{"taxonomy":"product_tag","embeddable":true,"href":"https:\/\/fullatacados.com.br\/index.php\/wp-json\/wp\/v2\/product_tag?post=14082"}],"curies":[{"name":"wp","href":"https:\/\/api.w.org\/{rel}","templated":true}]}}