{"id":14079,"date":"2025-07-14T15:35:08","date_gmt":"2025-07-14T18:35:08","guid":{"rendered":"https:\/\/fullatacados.com.br\/index.php\/produto\/disco-freio-tras-faz250-05-17-smart\/"},"modified":"2026-04-29T18:25:11","modified_gmt":"2026-04-29T21:25:11","slug":"disco-freio-tras-faz250-05-17-smart","status":"publish","type":"product","link":"https:\/\/fullatacados.com.br\/index.php\/produto\/disco-freio-tras-faz250-05-17-smart\/","title":{"rendered":"DISCO FREIO TRAS FAZ250 05\/17"},"content":{"rendered":"<p>Disco de Freio Traseiro FAZ250 2005\/2017 Smart<br \/>\nDisco de freio traseiro compat\u00edvel com Yamaha FAZ250 dos anos 2005 a 2017. Fabricado em a\u00e7o resistente para garantir alta durabilidade e desempenho eficiente na frenagem. Design inteligente para melhor dissipa\u00e7\u00e3o de calor e resist\u00eancia ao desgaste. Ideal para reposi\u00e7\u00e3o, proporcionando seguran\u00e7a e estabilidade na pilotagem. F\u00e1cil instala\u00e7\u00e3o, encaixe direto nos suportes originais da moto.<\/p>\n","protected":false},"excerpt":{"rendered":"<p>Disco de Freio Traseiro FAZ250 2005\/2017 Smart Disco de freio traseiro compat\u00edvel com Yamaha FAZ250 dos anos 2005 a 2017. Fabricado em a\u00e7o resistente para garantir alta durabilidade e desempenho eficiente na frenagem. Design inteligente para melhor dissipa\u00e7\u00e3o de calor e resist\u00eancia ao desgaste. Ideal para reposi\u00e7\u00e3o, proporcionando seguran\u00e7a e estabilidade na pilotagem. F\u00e1cil instala\u00e7\u00e3o, [&hellip;]<\/p>\n","protected":false},"featured_media":14716,"comment_status":"open","ping_status":"closed","template":"","meta":{"_joinchat":[]},"product_brand":[199],"product_cat":[482,15],"product_tag":[],"class_list":{"0":"post-14079","1":"product","2":"type-product","3":"status-publish","4":"has-post-thumbnail","6":"product_brand-importado","7":"product_cat-moto-pecas","8":"product_cat-sem-categoria","9":"product_shipping_class-envionormal","11":"first","12":"instock","13":"shipping-taxable","14":"purchasable","15":"product-type-simple"},"_links":{"self":[{"href":"https:\/\/fullatacados.com.br\/index.php\/wp-json\/wp\/v2\/product\/14079","targetHints":{"allow":["GET"]}}],"collection":[{"href":"https:\/\/fullatacados.com.br\/index.php\/wp-json\/wp\/v2\/product"}],"about":[{"href":"https:\/\/fullatacados.com.br\/index.php\/wp-json\/wp\/v2\/types\/product"}],"replies":[{"embeddable":true,"href":"https:\/\/fullatacados.com.br\/index.php\/wp-json\/wp\/v2\/comments?post=14079"}],"wp:featuredmedia":[{"embeddable":true,"href":"https:\/\/fullatacados.com.br\/index.php\/wp-json\/wp\/v2\/media\/14716"}],"wp:attachment":[{"href":"https:\/\/fullatacados.com.br\/index.php\/wp-json\/wp\/v2\/media?parent=14079"}],"wp:term":[{"taxonomy":"product_brand","embeddable":true,"href":"https:\/\/fullatacados.com.br\/index.php\/wp-json\/wp\/v2\/product_brand?post=14079"},{"taxonomy":"product_cat","embeddable":true,"href":"https:\/\/fullatacados.com.br\/index.php\/wp-json\/wp\/v2\/product_cat?post=14079"},{"taxonomy":"product_tag","embeddable":true,"href":"https:\/\/fullatacados.com.br\/index.php\/wp-json\/wp\/v2\/product_tag?post=14079"}],"curies":[{"name":"wp","href":"https:\/\/api.w.org\/{rel}","templated":true}]}}