{"id":14077,"date":"2025-07-11T15:00:09","date_gmt":"2025-07-11T18:00:09","guid":{"rendered":"https:\/\/fullatacados.com.br\/index.php\/produto\/refil-bomba-combustivel-faz150-2015-2\/"},"modified":"2026-04-02T12:55:07","modified_gmt":"2026-04-02T15:55:07","slug":"refil-bomba-combustivel-faz150-2015-2","status":"publish","type":"product","link":"https:\/\/fullatacados.com.br\/index.php\/produto\/refil-bomba-combustivel-faz150-2015-2\/","title":{"rendered":"REFIL BOMBA COMBUSTIVEL FAZ150 2015"},"content":{"rendered":"<p>Refil Bomba de Combust\u00edvel FAZ150 2015<br \/>\nPe\u00e7a de reposi\u00e7\u00e3o para bomba de combust\u00edvel da Yamaha FAZ150 ano 2015. Garante o fornecimento eficiente de combust\u00edvel ao motor, promovendo melhor desempenho e economia. Produto de alta qualidade, compat\u00edvel com o sistema original da moto. F\u00e1cil instala\u00e7\u00e3o e durabilidade confi\u00e1vel.<\/p>\n","protected":false},"excerpt":{"rendered":"<p>Refil Bomba de Combust\u00edvel FAZ150 2015 Pe\u00e7a de reposi\u00e7\u00e3o para bomba de combust\u00edvel da Yamaha FAZ150 ano 2015. Garante o fornecimento eficiente de combust\u00edvel ao motor, promovendo melhor desempenho e economia. Produto de alta qualidade, compat\u00edvel com o sistema original da moto. F\u00e1cil instala\u00e7\u00e3o e durabilidade confi\u00e1vel.<\/p>\n","protected":false},"featured_media":14717,"comment_status":"open","ping_status":"closed","template":"","meta":{"_joinchat":[]},"product_brand":[189],"product_cat":[482,15],"product_tag":[],"class_list":{"0":"post-14077","1":"product","2":"type-product","3":"status-publish","4":"has-post-thumbnail","6":"product_brand-magnetron","7":"product_cat-moto-pecas","8":"product_cat-sem-categoria","9":"product_shipping_class-envionormal","11":"first","12":"instock","13":"shipping-taxable","14":"purchasable","15":"product-type-simple"},"_links":{"self":[{"href":"https:\/\/fullatacados.com.br\/index.php\/wp-json\/wp\/v2\/product\/14077","targetHints":{"allow":["GET"]}}],"collection":[{"href":"https:\/\/fullatacados.com.br\/index.php\/wp-json\/wp\/v2\/product"}],"about":[{"href":"https:\/\/fullatacados.com.br\/index.php\/wp-json\/wp\/v2\/types\/product"}],"replies":[{"embeddable":true,"href":"https:\/\/fullatacados.com.br\/index.php\/wp-json\/wp\/v2\/comments?post=14077"}],"wp:featuredmedia":[{"embeddable":true,"href":"https:\/\/fullatacados.com.br\/index.php\/wp-json\/wp\/v2\/media\/14717"}],"wp:attachment":[{"href":"https:\/\/fullatacados.com.br\/index.php\/wp-json\/wp\/v2\/media?parent=14077"}],"wp:term":[{"taxonomy":"product_brand","embeddable":true,"href":"https:\/\/fullatacados.com.br\/index.php\/wp-json\/wp\/v2\/product_brand?post=14077"},{"taxonomy":"product_cat","embeddable":true,"href":"https:\/\/fullatacados.com.br\/index.php\/wp-json\/wp\/v2\/product_cat?post=14077"},{"taxonomy":"product_tag","embeddable":true,"href":"https:\/\/fullatacados.com.br\/index.php\/wp-json\/wp\/v2\/product_tag?post=14077"}],"curies":[{"name":"wp","href":"https:\/\/api.w.org\/{rel}","templated":true}]}}