{"id":13115,"date":"2025-07-01T09:30:13","date_gmt":"2025-07-01T12:30:13","guid":{"rendered":"https:\/\/fullatacados.com.br\/index.php\/produto\/pneu-diant-100-80-14-maggion-s-c\/"},"modified":"2026-04-16T10:55:07","modified_gmt":"2026-04-16T13:55:07","slug":"pneu-diant-100-80-14-maggion-s-c","status":"publish","type":"product","link":"https:\/\/fullatacados.com.br\/index.php\/produto\/pneu-diant-100-80-14-maggion-s-c\/","title":{"rendered":"PNEU DIANT 100\/80-14 MAGGION S\/C"},"content":{"rendered":"<p><span class=\"relative -mx-px my-[-0.2rem] rounded px-px py-[0.2rem] transition-colors duration-100 ease-in-out\">O Pneu Maggion Sportissimo II 100\/80\u201114 \u00e9 um modelo <strong data-start=\"52\" data-end=\"71\">sem c\u00e2mara (TL)<\/strong>, projetado especialmente para uso urbano em scooters e motos como Honda PCX 150, com aro 14. Com desenho direcional e composto de borracha sint\u00e9tica macia, oferece excelente ader\u00eancia em pisos secos e molhados, estabilidade em curvas e durabilidade equilibrada. Tem \u00edndice de carga 48 (at\u00e9 180\u202fkg), velocidade P (150\u202fkm\/h) e certifica\u00e7\u00e3o Inmetro, com garantia de f\u00e1brica de at\u00e9 5 anos no Brasil<\/span><\/p>\n","protected":false},"excerpt":{"rendered":"<div class=\"relative flex-col gap-1 md:gap-3\">\n<div class=\"flex max-w-full flex-col grow\">\n<div class=\"min-h-8 text-message relative flex w-full flex-col items-end gap-2 text-start break-words whitespace-normal [.text-message+&amp;]:mt-5\" dir=\"auto\" data-message-author-role=\"assistant\" data-message-id=\"8d4857ac-aa64-439b-a225-23465c15ecbb\" data-message-model-slug=\"gpt-4o\">\n<div class=\"flex w-full flex-col gap-1 empty:hidden first:pt-[3px]\">\n<div class=\"markdown prose dark:prose-invert w-full break-words light\">\n<p data-start=\"303\" data-end=\"430\">Pneu sem c\u00e2mara Maggion Sportissimo II 100\/80\u201114 \u2013 ideal para PCX e scooters urbanas: aderente, est\u00e1vel e com boa durabilidade<\/p>\n<\/div>\n<\/div>\n<\/div>\n<\/div>\n<\/div>\n","protected":false},"featured_media":13196,"comment_status":"closed","ping_status":"closed","template":"","meta":{"_joinchat":[]},"product_brand":[232],"product_cat":[482,56],"product_tag":[],"class_list":{"0":"post-13115","1":"product","2":"type-product","3":"status-publish","4":"has-post-thumbnail","6":"product_brand-maggion","7":"product_cat-moto-pecas","8":"product_cat-pneu","9":"product_shipping_class-envionormal","11":"first","12":"outofstock","13":"purchasable","14":"product-type-simple"},"_links":{"self":[{"href":"https:\/\/fullatacados.com.br\/index.php\/wp-json\/wp\/v2\/product\/13115","targetHints":{"allow":["GET"]}}],"collection":[{"href":"https:\/\/fullatacados.com.br\/index.php\/wp-json\/wp\/v2\/product"}],"about":[{"href":"https:\/\/fullatacados.com.br\/index.php\/wp-json\/wp\/v2\/types\/product"}],"replies":[{"embeddable":true,"href":"https:\/\/fullatacados.com.br\/index.php\/wp-json\/wp\/v2\/comments?post=13115"}],"wp:featuredmedia":[{"embeddable":true,"href":"https:\/\/fullatacados.com.br\/index.php\/wp-json\/wp\/v2\/media\/13196"}],"wp:attachment":[{"href":"https:\/\/fullatacados.com.br\/index.php\/wp-json\/wp\/v2\/media?parent=13115"}],"wp:term":[{"taxonomy":"product_brand","embeddable":true,"href":"https:\/\/fullatacados.com.br\/index.php\/wp-json\/wp\/v2\/product_brand?post=13115"},{"taxonomy":"product_cat","embeddable":true,"href":"https:\/\/fullatacados.com.br\/index.php\/wp-json\/wp\/v2\/product_cat?post=13115"},{"taxonomy":"product_tag","embeddable":true,"href":"https:\/\/fullatacados.com.br\/index.php\/wp-json\/wp\/v2\/product_tag?post=13115"}],"curies":[{"name":"wp","href":"https:\/\/api.w.org\/{rel}","templated":true}]}}