{"id":13039,"date":"2025-07-01T09:29:51","date_gmt":"2025-07-01T12:29:51","guid":{"rendered":"https:\/\/fullatacados.com.br\/index.php\/produto\/amortecedor-crosser150-14-17-scud\/"},"modified":"2025-12-02T14:35:08","modified_gmt":"2025-12-02T17:35:08","slug":"amortecedor-crosser150-14-17-scud","status":"publish","type":"product","link":"https:\/\/fullatacados.com.br\/index.php\/produto\/amortecedor-crosser150-14-17-scud\/","title":{"rendered":"AMORTECEDOR CROSSER150 14\/17 SCUD"},"content":{"rendered":"<p><span class=\"relative -mx-px my-[-0.2rem] rounded px-px py-[0.2rem] transition-colors duration-100 ease-in-out\">O amortecedor traseiro Pro\u202fLink da Scud (c\u00f3d.\u202f10010034) \u00e9 compat\u00edvel com a Yamaha XTZ\/Crosser\u202f150 de 2014 a 2017. Feito em estrutura robusta de metal (99%) com acabamento em preto e cinza, tem 37\u202fcm de comprimento, 35\u202fcm entre furos e 8 elos de liga\u00e7\u00e3o. Acompanha buchas para instala\u00e7\u00e3o, possui garantia de f\u00e1brica de 6 meses e testes de qualidade que visam igualar a pe\u00e7a original da Yamaha, proporcionando conforto e estabilidade superiores<\/span><\/p>\n","protected":false},"excerpt":{"rendered":"<p data-start=\"278\" data-end=\"398\">Amortecedor traseiro Scud Pro\u202fLink para Crosser\u202f150 (2014\u20132017): 37\u202fcm com 8 elos, design robusto e garantia de 6\u202fmeses.<\/p>\n","protected":false},"featured_media":13203,"comment_status":"closed","ping_status":"closed","template":"","meta":{"_joinchat":[]},"product_brand":[185],"product_cat":[170,482],"product_tag":[],"class_list":{"0":"post-13039","1":"product","2":"type-product","3":"status-publish","4":"has-post-thumbnail","6":"product_brand-scud","7":"product_cat-amortecedor","8":"product_cat-moto-pecas","9":"product_shipping_class-envionormal","11":"first","12":"instock","13":"purchasable","14":"product-type-simple"},"_links":{"self":[{"href":"https:\/\/fullatacados.com.br\/index.php\/wp-json\/wp\/v2\/product\/13039","targetHints":{"allow":["GET"]}}],"collection":[{"href":"https:\/\/fullatacados.com.br\/index.php\/wp-json\/wp\/v2\/product"}],"about":[{"href":"https:\/\/fullatacados.com.br\/index.php\/wp-json\/wp\/v2\/types\/product"}],"replies":[{"embeddable":true,"href":"https:\/\/fullatacados.com.br\/index.php\/wp-json\/wp\/v2\/comments?post=13039"}],"wp:featuredmedia":[{"embeddable":true,"href":"https:\/\/fullatacados.com.br\/index.php\/wp-json\/wp\/v2\/media\/13203"}],"wp:attachment":[{"href":"https:\/\/fullatacados.com.br\/index.php\/wp-json\/wp\/v2\/media?parent=13039"}],"wp:term":[{"taxonomy":"product_brand","embeddable":true,"href":"https:\/\/fullatacados.com.br\/index.php\/wp-json\/wp\/v2\/product_brand?post=13039"},{"taxonomy":"product_cat","embeddable":true,"href":"https:\/\/fullatacados.com.br\/index.php\/wp-json\/wp\/v2\/product_cat?post=13039"},{"taxonomy":"product_tag","embeddable":true,"href":"https:\/\/fullatacados.com.br\/index.php\/wp-json\/wp\/v2\/product_tag?post=13039"}],"curies":[{"name":"wp","href":"https:\/\/api.w.org\/{rel}","templated":true}]}}