{"id":13011,"date":"2025-07-01T09:29:46","date_gmt":"2025-07-01T12:29:46","guid":{"rendered":"https:\/\/fullatacados.com.br\/index.php\/produto\/manete-freio-midnight-polida\/"},"modified":"2025-12-01T13:24:15","modified_gmt":"2025-12-01T16:24:15","slug":"manete-freio-midnight-polida","status":"publish","type":"product","link":"https:\/\/fullatacados.com.br\/index.php\/produto\/manete-freio-midnight-polida\/","title":{"rendered":"MANETE FREIO MIDNIGHT POLIDA"},"content":{"rendered":"<p>Manete de Freio Midnight Polida<br \/>\nManete em alum\u00ednio polido com acabamento brilhante, ideal para reposi\u00e7\u00e3o ou customiza\u00e7\u00e3o. Proporciona conforto na pilotagem e encaixe perfeito no sistema original da moto. Compat\u00edvel com modelos estilo Midnight.<\/p>\n","protected":false},"excerpt":{"rendered":"<p>Manete de Freio Midnight Polida Manete em alum\u00ednio polido com acabamento brilhante, ideal para reposi\u00e7\u00e3o ou customiza\u00e7\u00e3o. Proporciona conforto na pilotagem e encaixe perfeito no sistema original da moto. Compat\u00edvel com modelos estilo Midnight.<\/p>\n","protected":false},"featured_media":14718,"comment_status":"closed","ping_status":"closed","template":"","meta":{"_joinchat":[]},"product_brand":[202],"product_cat":[45,482],"product_tag":[],"class_list":{"0":"post-13011","1":"product","2":"type-product","3":"status-publish","4":"has-post-thumbnail","6":"product_brand-cometa","7":"product_cat-manete","8":"product_cat-moto-pecas","9":"product_shipping_class-envionormal","11":"first","12":"instock","13":"purchasable","14":"product-type-simple"},"_links":{"self":[{"href":"https:\/\/fullatacados.com.br\/index.php\/wp-json\/wp\/v2\/product\/13011","targetHints":{"allow":["GET"]}}],"collection":[{"href":"https:\/\/fullatacados.com.br\/index.php\/wp-json\/wp\/v2\/product"}],"about":[{"href":"https:\/\/fullatacados.com.br\/index.php\/wp-json\/wp\/v2\/types\/product"}],"replies":[{"embeddable":true,"href":"https:\/\/fullatacados.com.br\/index.php\/wp-json\/wp\/v2\/comments?post=13011"}],"wp:featuredmedia":[{"embeddable":true,"href":"https:\/\/fullatacados.com.br\/index.php\/wp-json\/wp\/v2\/media\/14718"}],"wp:attachment":[{"href":"https:\/\/fullatacados.com.br\/index.php\/wp-json\/wp\/v2\/media?parent=13011"}],"wp:term":[{"taxonomy":"product_brand","embeddable":true,"href":"https:\/\/fullatacados.com.br\/index.php\/wp-json\/wp\/v2\/product_brand?post=13011"},{"taxonomy":"product_cat","embeddable":true,"href":"https:\/\/fullatacados.com.br\/index.php\/wp-json\/wp\/v2\/product_cat?post=13011"},{"taxonomy":"product_tag","embeddable":true,"href":"https:\/\/fullatacados.com.br\/index.php\/wp-json\/wp\/v2\/product_tag?post=13011"}],"curies":[{"name":"wp","href":"https:\/\/api.w.org\/{rel}","templated":true}]}}