{"id":12970,"date":"2025-07-01T09:29:35","date_gmt":"2025-07-01T12:29:35","guid":{"rendered":"https:\/\/fullatacados.com.br\/index.php\/produto\/relacao-crosser150-c-ret-smartfox\/"},"modified":"2026-05-02T11:05:07","modified_gmt":"2026-05-02T14:05:07","slug":"relacao-crosser150-c-ret-smartfox","status":"publish","type":"product","link":"https:\/\/fullatacados.com.br\/index.php\/produto\/relacao-crosser150-c-ret-smartfox\/","title":{"rendered":"RELACAO CROSSER150 C\/RET SMARTFOX"},"content":{"rendered":"<p>Kit Rela\u00e7\u00e3o Crosser 150 com Retentor \u2013 SmartFox<br \/>\nConjunto completo com corrente 428HO com retentor, coroa 41 dentes e pinh\u00e3o 14 dentes. Fabricado em a\u00e7o 1045 de alta resist\u00eancia, ideal para quem busca durabilidade e performance. Compat\u00edvel com Yamaha Crosser 150.<\/p>\n","protected":false},"excerpt":{"rendered":"<p>Kit Rela\u00e7\u00e3o Crosser 150 com Retentor \u2013 SmartFox Conjunto completo com corrente 428HO com retentor, coroa 41 dentes e pinh\u00e3o 14 dentes. Fabricado em a\u00e7o 1045 de alta resist\u00eancia, ideal para quem busca durabilidade e performance. Compat\u00edvel com Yamaha Crosser 150.<\/p>\n","protected":false},"featured_media":14721,"comment_status":"closed","ping_status":"closed","template":"","meta":{"_joinchat":[]},"product_brand":[181],"product_cat":[482,99],"product_tag":[],"class_list":{"0":"post-12970","1":"product","2":"type-product","3":"status-publish","4":"has-post-thumbnail","6":"product_brand-smartfox","7":"product_cat-moto-pecas","8":"product_cat-relacao","9":"product_shipping_class-envionormal","11":"first","12":"instock","13":"purchasable","14":"product-type-simple"},"_links":{"self":[{"href":"https:\/\/fullatacados.com.br\/index.php\/wp-json\/wp\/v2\/product\/12970","targetHints":{"allow":["GET"]}}],"collection":[{"href":"https:\/\/fullatacados.com.br\/index.php\/wp-json\/wp\/v2\/product"}],"about":[{"href":"https:\/\/fullatacados.com.br\/index.php\/wp-json\/wp\/v2\/types\/product"}],"replies":[{"embeddable":true,"href":"https:\/\/fullatacados.com.br\/index.php\/wp-json\/wp\/v2\/comments?post=12970"}],"wp:featuredmedia":[{"embeddable":true,"href":"https:\/\/fullatacados.com.br\/index.php\/wp-json\/wp\/v2\/media\/14721"}],"wp:attachment":[{"href":"https:\/\/fullatacados.com.br\/index.php\/wp-json\/wp\/v2\/media?parent=12970"}],"wp:term":[{"taxonomy":"product_brand","embeddable":true,"href":"https:\/\/fullatacados.com.br\/index.php\/wp-json\/wp\/v2\/product_brand?post=12970"},{"taxonomy":"product_cat","embeddable":true,"href":"https:\/\/fullatacados.com.br\/index.php\/wp-json\/wp\/v2\/product_cat?post=12970"},{"taxonomy":"product_tag","embeddable":true,"href":"https:\/\/fullatacados.com.br\/index.php\/wp-json\/wp\/v2\/product_tag?post=12970"}],"curies":[{"name":"wp","href":"https:\/\/api.w.org\/{rel}","templated":true}]}}