{"id":12969,"date":"2025-07-01T09:29:35","date_gmt":"2025-07-01T12:29:35","guid":{"rendered":"https:\/\/fullatacados.com.br\/index.php\/produto\/relacao-cbx250-twister-s-ret-smart\/"},"modified":"2026-04-28T10:00:08","modified_gmt":"2026-04-28T13:00:08","slug":"relacao-cbx250-twister-s-ret-smart","status":"publish","type":"product","link":"https:\/\/fullatacados.com.br\/index.php\/produto\/relacao-cbx250-twister-s-ret-smart\/","title":{"rendered":"RELACAO CBX250 TWISTER S\/RET SMART"},"content":{"rendered":"<p>Kit Rela\u00e7\u00e3o CBX250 Twister sem Retentor \u2013 SmartFox<br \/>\nKit completo com corrente 520H, coroa 42 dentes e pinh\u00e3o 14 dentes. Fabricado em a\u00e7o de alta resist\u00eancia, oferece \u00f3timo custo-benef\u00edcio para uso urbano e di\u00e1rio. Compat\u00edvel com CBX 250 Twister, n\u00e3o possui retentor (O-ring), o que reduz o peso e facilita a manuten\u00e7\u00e3o.<\/p>\n","protected":false},"excerpt":{"rendered":"<p>Kit Rela\u00e7\u00e3o CBX250 Twister sem Retentor \u2013 SmartFox Kit completo com corrente 520H, coroa 42 dentes e pinh\u00e3o 14 dentes. Fabricado em a\u00e7o de alta resist\u00eancia, oferece \u00f3timo custo-benef\u00edcio para uso urbano e di\u00e1rio. Compat\u00edvel com CBX 250 Twister, n\u00e3o possui retentor (O-ring), o que reduz o peso e facilita a manuten\u00e7\u00e3o.<\/p>\n","protected":false},"featured_media":14722,"comment_status":"closed","ping_status":"closed","template":"","meta":{"_joinchat":[]},"product_brand":[181],"product_cat":[482,99],"product_tag":[],"class_list":{"0":"post-12969","1":"product","2":"type-product","3":"status-publish","4":"has-post-thumbnail","6":"product_brand-smartfox","7":"product_cat-moto-pecas","8":"product_cat-relacao","9":"product_shipping_class-envionormal","11":"first","12":"instock","13":"purchasable","14":"product-type-simple"},"_links":{"self":[{"href":"https:\/\/fullatacados.com.br\/index.php\/wp-json\/wp\/v2\/product\/12969","targetHints":{"allow":["GET"]}}],"collection":[{"href":"https:\/\/fullatacados.com.br\/index.php\/wp-json\/wp\/v2\/product"}],"about":[{"href":"https:\/\/fullatacados.com.br\/index.php\/wp-json\/wp\/v2\/types\/product"}],"replies":[{"embeddable":true,"href":"https:\/\/fullatacados.com.br\/index.php\/wp-json\/wp\/v2\/comments?post=12969"}],"wp:featuredmedia":[{"embeddable":true,"href":"https:\/\/fullatacados.com.br\/index.php\/wp-json\/wp\/v2\/media\/14722"}],"wp:attachment":[{"href":"https:\/\/fullatacados.com.br\/index.php\/wp-json\/wp\/v2\/media?parent=12969"}],"wp:term":[{"taxonomy":"product_brand","embeddable":true,"href":"https:\/\/fullatacados.com.br\/index.php\/wp-json\/wp\/v2\/product_brand?post=12969"},{"taxonomy":"product_cat","embeddable":true,"href":"https:\/\/fullatacados.com.br\/index.php\/wp-json\/wp\/v2\/product_cat?post=12969"},{"taxonomy":"product_tag","embeddable":true,"href":"https:\/\/fullatacados.com.br\/index.php\/wp-json\/wp\/v2\/product_tag?post=12969"}],"curies":[{"name":"wp","href":"https:\/\/api.w.org\/{rel}","templated":true}]}}