{"id":12916,"date":"2025-07-01T09:29:35","date_gmt":"2025-07-01T12:29:35","guid":{"rendered":"https:\/\/fullatacados.com.br\/index.php\/produto\/caixa-direcao-yes-katana-intru-esfer\/"},"modified":"2026-04-07T14:50:08","modified_gmt":"2026-04-07T17:50:08","slug":"caixa-direcao-yes-katana-intru-esfer","status":"publish","type":"product","link":"https:\/\/fullatacados.com.br\/index.php\/produto\/caixa-direcao-yes-katana-intru-esfer\/","title":{"rendered":"CAIXA DIRECAO YES\/KATANA\/INTRU ESFER"},"content":{"rendered":"<p>Caixa de dire\u00e7\u00e3o esf\u00e9rica compat\u00edvel com Suzuki Yes 125, Intruder 125 e Katana 125. Modelo com rolamentos de esferas, ideal para reposi\u00e7\u00e3o do sistema original. Proporciona dire\u00e7\u00e3o suave, resistente e f\u00e1cil de instalar, sem necessidade de adapta\u00e7\u00f5es.<\/p>\n","protected":false},"excerpt":{"rendered":"<p>Caixa de dire\u00e7\u00e3o esf\u00e9rica compat\u00edvel com Suzuki Yes 125, Intruder 125 e Katana 125. Modelo com rolamentos de esferas, ideal para reposi\u00e7\u00e3o do sistema original. Proporciona dire\u00e7\u00e3o suave, resistente e f\u00e1cil de instalar, sem necessidade de adapta\u00e7\u00f5es.<\/p>\n","protected":false},"featured_media":14726,"comment_status":"closed","ping_status":"closed","template":"","meta":{"_joinchat":[]},"product_brand":[236],"product_cat":[74,482],"product_tag":[],"class_list":{"0":"post-12916","1":"product","2":"type-product","3":"status-publish","4":"has-post-thumbnail","6":"product_brand-danidrea","7":"product_cat-caixa","8":"product_cat-moto-pecas","9":"product_shipping_class-envionormal","11":"first","12":"instock","13":"purchasable","14":"product-type-simple"},"_links":{"self":[{"href":"https:\/\/fullatacados.com.br\/index.php\/wp-json\/wp\/v2\/product\/12916","targetHints":{"allow":["GET"]}}],"collection":[{"href":"https:\/\/fullatacados.com.br\/index.php\/wp-json\/wp\/v2\/product"}],"about":[{"href":"https:\/\/fullatacados.com.br\/index.php\/wp-json\/wp\/v2\/types\/product"}],"replies":[{"embeddable":true,"href":"https:\/\/fullatacados.com.br\/index.php\/wp-json\/wp\/v2\/comments?post=12916"}],"wp:featuredmedia":[{"embeddable":true,"href":"https:\/\/fullatacados.com.br\/index.php\/wp-json\/wp\/v2\/media\/14726"}],"wp:attachment":[{"href":"https:\/\/fullatacados.com.br\/index.php\/wp-json\/wp\/v2\/media?parent=12916"}],"wp:term":[{"taxonomy":"product_brand","embeddable":true,"href":"https:\/\/fullatacados.com.br\/index.php\/wp-json\/wp\/v2\/product_brand?post=12916"},{"taxonomy":"product_cat","embeddable":true,"href":"https:\/\/fullatacados.com.br\/index.php\/wp-json\/wp\/v2\/product_cat?post=12916"},{"taxonomy":"product_tag","embeddable":true,"href":"https:\/\/fullatacados.com.br\/index.php\/wp-json\/wp\/v2\/product_tag?post=12916"}],"curies":[{"name":"wp","href":"https:\/\/api.w.org\/{rel}","templated":true}]}}