{"id":12913,"date":"2025-07-01T09:29:19","date_gmt":"2025-07-01T12:29:19","guid":{"rendered":"https:\/\/fullatacados.com.br\/index.php\/produto\/relacao-pop100-07-15-s-ret-importado\/"},"modified":"2025-12-13T11:10:08","modified_gmt":"2025-12-13T14:10:08","slug":"relacao-pop100-07-15-s-ret-importado","status":"publish","type":"product","link":"https:\/\/fullatacados.com.br\/index.php\/produto\/relacao-pop100-07-15-s-ret-importado\/","title":{"rendered":"RELACAO POP100 07\/15 S\/RET IMPORTADO"},"content":{"rendered":"<p>Rela\u00e7\u00e3o POP 100 2007 a 2015 S\/Retentor \u2013 Importado<br \/>\nKit rela\u00e7\u00e3o sem retentor para Honda POP 100, anos 2007 a 2015. Produto importado, acompanha corrente, coroa e pinh\u00e3o. Excelente op\u00e7\u00e3o econ\u00f4mica para reposi\u00e7\u00e3o no dia a dia.<\/p>\n","protected":false},"excerpt":{"rendered":"<p>Rela\u00e7\u00e3o POP 100 2007 a 2015 S\/Retentor \u2013 Importado Kit rela\u00e7\u00e3o sem retentor para Honda POP 100, anos 2007 a 2015. Produto importado, acompanha corrente, coroa e pinh\u00e3o. Excelente op\u00e7\u00e3o econ\u00f4mica para reposi\u00e7\u00e3o no dia a dia.<\/p>\n","protected":false},"featured_media":14795,"comment_status":"closed","ping_status":"closed","template":"","meta":{"_joinchat":[]},"product_brand":[199],"product_cat":[482,99],"product_tag":[],"class_list":{"0":"post-12913","1":"product","2":"type-product","3":"status-publish","4":"has-post-thumbnail","6":"product_brand-importado","7":"product_cat-moto-pecas","8":"product_cat-relacao","9":"product_shipping_class-envionormal","11":"first","12":"instock","13":"purchasable","14":"product-type-simple"},"_links":{"self":[{"href":"https:\/\/fullatacados.com.br\/index.php\/wp-json\/wp\/v2\/product\/12913","targetHints":{"allow":["GET"]}}],"collection":[{"href":"https:\/\/fullatacados.com.br\/index.php\/wp-json\/wp\/v2\/product"}],"about":[{"href":"https:\/\/fullatacados.com.br\/index.php\/wp-json\/wp\/v2\/types\/product"}],"replies":[{"embeddable":true,"href":"https:\/\/fullatacados.com.br\/index.php\/wp-json\/wp\/v2\/comments?post=12913"}],"wp:featuredmedia":[{"embeddable":true,"href":"https:\/\/fullatacados.com.br\/index.php\/wp-json\/wp\/v2\/media\/14795"}],"wp:attachment":[{"href":"https:\/\/fullatacados.com.br\/index.php\/wp-json\/wp\/v2\/media?parent=12913"}],"wp:term":[{"taxonomy":"product_brand","embeddable":true,"href":"https:\/\/fullatacados.com.br\/index.php\/wp-json\/wp\/v2\/product_brand?post=12913"},{"taxonomy":"product_cat","embeddable":true,"href":"https:\/\/fullatacados.com.br\/index.php\/wp-json\/wp\/v2\/product_cat?post=12913"},{"taxonomy":"product_tag","embeddable":true,"href":"https:\/\/fullatacados.com.br\/index.php\/wp-json\/wp\/v2\/product_tag?post=12913"}],"curies":[{"name":"wp","href":"https:\/\/api.w.org\/{rel}","templated":true}]}}