{"id":12912,"date":"2025-07-01T09:29:19","date_gmt":"2025-07-01T12:29:19","guid":{"rendered":"https:\/\/fullatacados.com.br\/index.php\/produto\/relacao-land250-s-ret-06-08-importado\/"},"modified":"2025-12-10T10:00:08","modified_gmt":"2025-12-10T13:00:08","slug":"relacao-land250-s-ret-06-08-importado","status":"publish","type":"product","link":"https:\/\/fullatacados.com.br\/index.php\/produto\/relacao-land250-s-ret-06-08-importado\/","title":{"rendered":"RELACAO LAND250 S\/RET 06\/08 IMPORTADO"},"content":{"rendered":"<p>Rela\u00e7\u00e3o LANDER 250 2006 a 2008 S\/Retentor \u2013 Importado<br \/>\nKit rela\u00e7\u00e3o sem retentor para Yamaha Lander 250, anos 2006 a 2008. Produto importado, acompanha corrente, coroa e pinh\u00e3o. Excelente op\u00e7\u00e3o de reposi\u00e7\u00e3o com bom custo e desempenho para uso urbano e trilha leve.<\/p>\n","protected":false},"excerpt":{"rendered":"<p>Rela\u00e7\u00e3o LANDER 250 2006 a 2008 S\/Retentor \u2013 Importado Kit rela\u00e7\u00e3o sem retentor para Yamaha Lander 250, anos 2006 a 2008. Produto importado, acompanha corrente, coroa e pinh\u00e3o. Excelente op\u00e7\u00e3o de reposi\u00e7\u00e3o com bom custo e desempenho para uso urbano e trilha leve.<\/p>\n","protected":false},"featured_media":14791,"comment_status":"closed","ping_status":"closed","template":"","meta":{"_joinchat":[]},"product_brand":[199],"product_cat":[482,99],"product_tag":[],"class_list":{"0":"post-12912","1":"product","2":"type-product","3":"status-publish","4":"has-post-thumbnail","6":"product_brand-importado","7":"product_cat-moto-pecas","8":"product_cat-relacao","9":"product_shipping_class-envionormal","11":"first","12":"instock","13":"purchasable","14":"product-type-simple"},"_links":{"self":[{"href":"https:\/\/fullatacados.com.br\/index.php\/wp-json\/wp\/v2\/product\/12912","targetHints":{"allow":["GET"]}}],"collection":[{"href":"https:\/\/fullatacados.com.br\/index.php\/wp-json\/wp\/v2\/product"}],"about":[{"href":"https:\/\/fullatacados.com.br\/index.php\/wp-json\/wp\/v2\/types\/product"}],"replies":[{"embeddable":true,"href":"https:\/\/fullatacados.com.br\/index.php\/wp-json\/wp\/v2\/comments?post=12912"}],"wp:featuredmedia":[{"embeddable":true,"href":"https:\/\/fullatacados.com.br\/index.php\/wp-json\/wp\/v2\/media\/14791"}],"wp:attachment":[{"href":"https:\/\/fullatacados.com.br\/index.php\/wp-json\/wp\/v2\/media?parent=12912"}],"wp:term":[{"taxonomy":"product_brand","embeddable":true,"href":"https:\/\/fullatacados.com.br\/index.php\/wp-json\/wp\/v2\/product_brand?post=12912"},{"taxonomy":"product_cat","embeddable":true,"href":"https:\/\/fullatacados.com.br\/index.php\/wp-json\/wp\/v2\/product_cat?post=12912"},{"taxonomy":"product_tag","embeddable":true,"href":"https:\/\/fullatacados.com.br\/index.php\/wp-json\/wp\/v2\/product_tag?post=12912"}],"curies":[{"name":"wp","href":"https:\/\/api.w.org\/{rel}","templated":true}]}}