{"id":12895,"date":"2025-07-01T09:29:14","date_gmt":"2025-07-01T12:29:14","guid":{"rendered":"https:\/\/fullatacados.com.br\/index.php\/produto\/relacao-faz250-18-20-s-ret-scud\/"},"modified":"2026-05-12T16:05:07","modified_gmt":"2026-05-12T19:05:07","slug":"relacao-faz250-18-20-s-ret-scud","status":"publish","type":"product","link":"https:\/\/fullatacados.com.br\/index.php\/produto\/relacao-faz250-18-20-s-ret-scud\/","title":{"rendered":"RELACAO FAZ250 18\/25 S\/RET SCUD"},"content":{"rendered":"<p>Rela\u00e7\u00e3o FAZER 250 2018 a 2020 S\/Retentor \u2013 SCUD<br \/>\nKit rela\u00e7\u00e3o sem retentor para Yamaha Fazer 250, anos 2018 a 2020. Marca SCUD. Conjunto com corrente, coroa e pinh\u00e3o, oferecendo boa durabilidade, desempenho e excelente custo-benef\u00edcio para uso di\u00e1rio.<\/p>\n","protected":false},"excerpt":{"rendered":"<p>Rela\u00e7\u00e3o FAZER 250 2018 a 2020 S\/Retentor \u2013 SCUD Kit rela\u00e7\u00e3o sem retentor para Yamaha Fazer 250, anos 2018 a 2020. Marca SCUD. Conjunto com corrente, coroa e pinh\u00e3o, oferecendo boa durabilidade, desempenho e excelente custo-benef\u00edcio para uso di\u00e1rio.<\/p>\n","protected":false},"featured_media":14796,"comment_status":"closed","ping_status":"closed","template":"","meta":{"_joinchat":[]},"product_brand":[185],"product_cat":[482,99],"product_tag":[],"class_list":{"0":"post-12895","1":"product","2":"type-product","3":"status-publish","4":"has-post-thumbnail","6":"product_brand-scud","7":"product_cat-moto-pecas","8":"product_cat-relacao","9":"product_shipping_class-envionormal","11":"first","12":"instock","13":"purchasable","14":"product-type-simple"},"_links":{"self":[{"href":"https:\/\/fullatacados.com.br\/index.php\/wp-json\/wp\/v2\/product\/12895","targetHints":{"allow":["GET"]}}],"collection":[{"href":"https:\/\/fullatacados.com.br\/index.php\/wp-json\/wp\/v2\/product"}],"about":[{"href":"https:\/\/fullatacados.com.br\/index.php\/wp-json\/wp\/v2\/types\/product"}],"replies":[{"embeddable":true,"href":"https:\/\/fullatacados.com.br\/index.php\/wp-json\/wp\/v2\/comments?post=12895"}],"wp:featuredmedia":[{"embeddable":true,"href":"https:\/\/fullatacados.com.br\/index.php\/wp-json\/wp\/v2\/media\/14796"}],"wp:attachment":[{"href":"https:\/\/fullatacados.com.br\/index.php\/wp-json\/wp\/v2\/media?parent=12895"}],"wp:term":[{"taxonomy":"product_brand","embeddable":true,"href":"https:\/\/fullatacados.com.br\/index.php\/wp-json\/wp\/v2\/product_brand?post=12895"},{"taxonomy":"product_cat","embeddable":true,"href":"https:\/\/fullatacados.com.br\/index.php\/wp-json\/wp\/v2\/product_cat?post=12895"},{"taxonomy":"product_tag","embeddable":true,"href":"https:\/\/fullatacados.com.br\/index.php\/wp-json\/wp\/v2\/product_tag?post=12895"}],"curies":[{"name":"wp","href":"https:\/\/api.w.org\/{rel}","templated":true}]}}