{"id":12807,"date":"2025-07-01T09:28:48","date_gmt":"2025-07-01T12:28:48","guid":{"rendered":"https:\/\/fullatacados.com.br\/index.php\/produto\/pastilha-freio-diant-bmw-f800-r1200gs\/"},"modified":"2026-05-11T11:00:07","modified_gmt":"2026-05-11T14:00:07","slug":"pastilha-freio-diant-bmw-f800-r1200gs","status":"publish","type":"product","link":"https:\/\/fullatacados.com.br\/index.php\/produto\/pastilha-freio-diant-bmw-f800-r1200gs\/","title":{"rendered":"PASTILHA FREIO DIANT BMW F800\/R1200GS"},"content":{"rendered":"<p>Pastilha de freio dianteira para BMW F800 e R1200GS, compat\u00edvel com sistemas originais de freio. Fabricada em material sinterizado ou cer\u00e2mico, oferece alta performance, excelente dissipa\u00e7\u00e3o de calor e frenagem segura em qualquer condi\u00e7\u00e3o. Ideal para reposi\u00e7\u00e3o com encaixe preciso e durabilidade superior.<\/p>\n","protected":false},"excerpt":{"rendered":"<p>Pastilha de freio dianteira para BMW F800 e R1200GS, compat\u00edvel com sistemas originais de freio. Fabricada em material sinterizado ou cer\u00e2mico, oferece alta performance, excelente dissipa\u00e7\u00e3o de calor e frenagem segura em qualquer condi\u00e7\u00e3o. Ideal para reposi\u00e7\u00e3o com encaixe preciso e durabilidade superior.<\/p>\n","protected":false},"featured_media":14727,"comment_status":"closed","ping_status":"closed","template":"","meta":{"_joinchat":[]},"product_brand":[220],"product_cat":[477,482,50],"product_tag":[],"class_list":{"0":"post-12807","1":"product","2":"type-product","3":"status-publish","4":"has-post-thumbnail","6":"product_brand-eurobreq","7":"product_cat-disco-e-pastilha","8":"product_cat-moto-pecas","9":"product_cat-pastilha","10":"product_shipping_class-envionormal","12":"first","13":"instock","14":"purchasable","15":"product-type-simple"},"_links":{"self":[{"href":"https:\/\/fullatacados.com.br\/index.php\/wp-json\/wp\/v2\/product\/12807","targetHints":{"allow":["GET"]}}],"collection":[{"href":"https:\/\/fullatacados.com.br\/index.php\/wp-json\/wp\/v2\/product"}],"about":[{"href":"https:\/\/fullatacados.com.br\/index.php\/wp-json\/wp\/v2\/types\/product"}],"replies":[{"embeddable":true,"href":"https:\/\/fullatacados.com.br\/index.php\/wp-json\/wp\/v2\/comments?post=12807"}],"wp:featuredmedia":[{"embeddable":true,"href":"https:\/\/fullatacados.com.br\/index.php\/wp-json\/wp\/v2\/media\/14727"}],"wp:attachment":[{"href":"https:\/\/fullatacados.com.br\/index.php\/wp-json\/wp\/v2\/media?parent=12807"}],"wp:term":[{"taxonomy":"product_brand","embeddable":true,"href":"https:\/\/fullatacados.com.br\/index.php\/wp-json\/wp\/v2\/product_brand?post=12807"},{"taxonomy":"product_cat","embeddable":true,"href":"https:\/\/fullatacados.com.br\/index.php\/wp-json\/wp\/v2\/product_cat?post=12807"},{"taxonomy":"product_tag","embeddable":true,"href":"https:\/\/fullatacados.com.br\/index.php\/wp-json\/wp\/v2\/product_tag?post=12807"}],"curies":[{"name":"wp","href":"https:\/\/api.w.org\/{rel}","templated":true}]}}