{"id":12805,"date":"2025-07-01T09:28:48","date_gmt":"2025-07-01T12:28:48","guid":{"rendered":"https:\/\/fullatacados.com.br\/index.php\/produto\/pastilha-freio-diant-bmw1000-h2r-cbr\/"},"modified":"2026-04-30T17:40:07","modified_gmt":"2026-04-30T20:40:07","slug":"pastilha-freio-diant-bmw1000-h2r-cbr","status":"publish","type":"product","link":"https:\/\/fullatacados.com.br\/index.php\/produto\/pastilha-freio-diant-bmw1000-h2r-cbr\/","title":{"rendered":"PASTILHA FREIO DIANT BMW1000 H2R CBR"},"content":{"rendered":"<p>Pastilha de freio dianteira compat\u00edvel com BMW S\u202f1000\u202fR, S\u202f1000\u202fRR e R1200GS, vers\u00f5es equipadas com sistema de freio original, incluindo ABS. Dispon\u00edvel em compostos sinterizados, cer\u00e2micos ou carbono, oferece frenagem potente, excelente dissipa\u00e7\u00e3o de calor, longa vida \u00fatil e encaixe preciso conforme padr\u00e3o OEM.<\/p>\n","protected":false},"excerpt":{"rendered":"<p>Pastilha de freio dianteira compat\u00edvel com BMW S\u202f1000\u202fR, S\u202f1000\u202fRR e R1200GS, vers\u00f5es equipadas com sistema de freio original, incluindo ABS. Dispon\u00edvel em compostos sinterizados, cer\u00e2micos ou carbono, oferece frenagem potente, excelente dissipa\u00e7\u00e3o de calor, longa vida \u00fatil e encaixe preciso conforme padr\u00e3o OEM.<\/p>\n","protected":false},"featured_media":14730,"comment_status":"closed","ping_status":"closed","template":"","meta":{"_joinchat":[]},"product_brand":[220],"product_cat":[477,482,50],"product_tag":[],"class_list":{"0":"post-12805","1":"product","2":"type-product","3":"status-publish","4":"has-post-thumbnail","6":"product_brand-eurobreq","7":"product_cat-disco-e-pastilha","8":"product_cat-moto-pecas","9":"product_cat-pastilha","10":"product_shipping_class-envionormal","12":"first","13":"instock","14":"purchasable","15":"product-type-simple"},"_links":{"self":[{"href":"https:\/\/fullatacados.com.br\/index.php\/wp-json\/wp\/v2\/product\/12805","targetHints":{"allow":["GET"]}}],"collection":[{"href":"https:\/\/fullatacados.com.br\/index.php\/wp-json\/wp\/v2\/product"}],"about":[{"href":"https:\/\/fullatacados.com.br\/index.php\/wp-json\/wp\/v2\/types\/product"}],"replies":[{"embeddable":true,"href":"https:\/\/fullatacados.com.br\/index.php\/wp-json\/wp\/v2\/comments?post=12805"}],"wp:featuredmedia":[{"embeddable":true,"href":"https:\/\/fullatacados.com.br\/index.php\/wp-json\/wp\/v2\/media\/14730"}],"wp:attachment":[{"href":"https:\/\/fullatacados.com.br\/index.php\/wp-json\/wp\/v2\/media?parent=12805"}],"wp:term":[{"taxonomy":"product_brand","embeddable":true,"href":"https:\/\/fullatacados.com.br\/index.php\/wp-json\/wp\/v2\/product_brand?post=12805"},{"taxonomy":"product_cat","embeddable":true,"href":"https:\/\/fullatacados.com.br\/index.php\/wp-json\/wp\/v2\/product_cat?post=12805"},{"taxonomy":"product_tag","embeddable":true,"href":"https:\/\/fullatacados.com.br\/index.php\/wp-json\/wp\/v2\/product_tag?post=12805"}],"curies":[{"name":"wp","href":"https:\/\/api.w.org\/{rel}","templated":true}]}}