{"id":12764,"date":"2025-07-01T09:28:37","date_gmt":"2025-07-01T12:28:37","guid":{"rendered":"https:\/\/fullatacados.com.br\/index.php\/produto\/manete-freio-xtz125-polido\/"},"modified":"2026-04-24T12:00:08","modified_gmt":"2026-04-24T15:00:08","slug":"manete-freio-xtz125-polido","status":"publish","type":"product","link":"https:\/\/fullatacados.com.br\/index.php\/produto\/manete-freio-xtz125-polido\/","title":{"rendered":"MANETE FREIO XTZ125 POLIDO"},"content":{"rendered":"<p>Manete de freio polido XTZ 125: pe\u00e7a em alum\u00ednio com acabamento brilhante, compat\u00edvel com Yamaha XTZ 125 e outros modelos como YBR e Fazer. Leve, resistente e de f\u00e1cil instala\u00e7\u00e3o. Ideal para reposi\u00e7\u00e3o ou personaliza\u00e7\u00e3o.<\/p>\n","protected":false},"excerpt":{"rendered":"<p>Manete de freio polido XTZ 125: pe\u00e7a em alum\u00ednio com acabamento brilhante, compat\u00edvel com Yamaha XTZ 125 e outros modelos como YBR e Fazer. Leve, resistente e de f\u00e1cil instala\u00e7\u00e3o. Ideal para reposi\u00e7\u00e3o ou personaliza\u00e7\u00e3o.<\/p>\n","protected":false},"featured_media":14735,"comment_status":"closed","ping_status":"closed","template":"","meta":{"_joinchat":[]},"product_brand":[202],"product_cat":[45,482],"product_tag":[],"class_list":{"0":"post-12764","1":"product","2":"type-product","3":"status-publish","4":"has-post-thumbnail","6":"product_brand-cometa","7":"product_cat-manete","8":"product_cat-moto-pecas","9":"product_shipping_class-envionormal","11":"first","12":"instock","13":"purchasable","14":"product-type-simple"},"_links":{"self":[{"href":"https:\/\/fullatacados.com.br\/index.php\/wp-json\/wp\/v2\/product\/12764","targetHints":{"allow":["GET"]}}],"collection":[{"href":"https:\/\/fullatacados.com.br\/index.php\/wp-json\/wp\/v2\/product"}],"about":[{"href":"https:\/\/fullatacados.com.br\/index.php\/wp-json\/wp\/v2\/types\/product"}],"replies":[{"embeddable":true,"href":"https:\/\/fullatacados.com.br\/index.php\/wp-json\/wp\/v2\/comments?post=12764"}],"wp:featuredmedia":[{"embeddable":true,"href":"https:\/\/fullatacados.com.br\/index.php\/wp-json\/wp\/v2\/media\/14735"}],"wp:attachment":[{"href":"https:\/\/fullatacados.com.br\/index.php\/wp-json\/wp\/v2\/media?parent=12764"}],"wp:term":[{"taxonomy":"product_brand","embeddable":true,"href":"https:\/\/fullatacados.com.br\/index.php\/wp-json\/wp\/v2\/product_brand?post=12764"},{"taxonomy":"product_cat","embeddable":true,"href":"https:\/\/fullatacados.com.br\/index.php\/wp-json\/wp\/v2\/product_cat?post=12764"},{"taxonomy":"product_tag","embeddable":true,"href":"https:\/\/fullatacados.com.br\/index.php\/wp-json\/wp\/v2\/product_tag?post=12764"}],"curies":[{"name":"wp","href":"https:\/\/api.w.org\/{rel}","templated":true}]}}