{"id":12763,"date":"2025-07-01T09:28:37","date_gmt":"2025-07-01T12:28:37","guid":{"rendered":"https:\/\/fullatacados.com.br\/index.php\/produto\/pneu-tras-110-90-17-duna-ii-s-cama\/"},"modified":"2026-04-22T15:05:07","modified_gmt":"2026-04-22T18:05:07","slug":"pneu-tras-110-90-17-duna-ii-s-cama","status":"publish","type":"product","link":"https:\/\/fullatacados.com.br\/index.php\/produto\/pneu-tras-110-90-17-duna-ii-s-cama\/","title":{"rendered":"PNEU TRAS 110\/90-17 DUNA II S\/ CAMA"},"content":{"rendered":"<p>Pneu traseiro Levorin Duna II 110\/90\u201117 TL: constru\u00e7\u00e3o sem c\u00e2mara (tubeless), ideal para motos aventureiras\/trail at\u00e9 400\u202fcc, suporte de carga de at\u00e9 250\u202fkg e velocidade permitida de at\u00e9 150\u202fkm\/h. Otimizado para boa tra\u00e7\u00e3o em asfalto e terra leve. Certificado e com garantia prolongada.<\/p>\n","protected":false},"excerpt":{"rendered":"<p>Pneu traseiro Levorin Duna II 110\/90\u201117 TL: constru\u00e7\u00e3o sem c\u00e2mara (tubeless), ideal para motos aventureiras\/trail at\u00e9 400\u202fcc, suporte de carga de at\u00e9 250\u202fkg e velocidade permitida de at\u00e9 150\u202fkm\/h. Otimizado para boa tra\u00e7\u00e3o em asfalto e terra leve. Certificado e com garantia prolongada.<\/p>\n","protected":false},"featured_media":14737,"comment_status":"closed","ping_status":"closed","template":"","meta":{"_joinchat":[]},"product_brand":[230],"product_cat":[482,56],"product_tag":[],"class_list":{"0":"post-12763","1":"product","2":"type-product","3":"status-publish","4":"has-post-thumbnail","6":"product_brand-levorim","7":"product_cat-moto-pecas","8":"product_cat-pneu","9":"product_shipping_class-envionormal","11":"first","12":"outofstock","13":"purchasable","14":"product-type-simple"},"_links":{"self":[{"href":"https:\/\/fullatacados.com.br\/index.php\/wp-json\/wp\/v2\/product\/12763","targetHints":{"allow":["GET"]}}],"collection":[{"href":"https:\/\/fullatacados.com.br\/index.php\/wp-json\/wp\/v2\/product"}],"about":[{"href":"https:\/\/fullatacados.com.br\/index.php\/wp-json\/wp\/v2\/types\/product"}],"replies":[{"embeddable":true,"href":"https:\/\/fullatacados.com.br\/index.php\/wp-json\/wp\/v2\/comments?post=12763"}],"wp:featuredmedia":[{"embeddable":true,"href":"https:\/\/fullatacados.com.br\/index.php\/wp-json\/wp\/v2\/media\/14737"}],"wp:attachment":[{"href":"https:\/\/fullatacados.com.br\/index.php\/wp-json\/wp\/v2\/media?parent=12763"}],"wp:term":[{"taxonomy":"product_brand","embeddable":true,"href":"https:\/\/fullatacados.com.br\/index.php\/wp-json\/wp\/v2\/product_brand?post=12763"},{"taxonomy":"product_cat","embeddable":true,"href":"https:\/\/fullatacados.com.br\/index.php\/wp-json\/wp\/v2\/product_cat?post=12763"},{"taxonomy":"product_tag","embeddable":true,"href":"https:\/\/fullatacados.com.br\/index.php\/wp-json\/wp\/v2\/product_tag?post=12763"}],"curies":[{"name":"wp","href":"https:\/\/api.w.org\/{rel}","templated":true}]}}