{"id":12742,"date":"2025-07-01T09:28:30","date_gmt":"2025-07-01T12:28:30","guid":{"rendered":"https:\/\/fullatacados.com.br\/index.php\/produto\/paralama-traseiro-xre300-10-18\/"},"modified":"2026-04-29T18:25:10","modified_gmt":"2026-04-29T21:25:10","slug":"paralama-traseiro-xre300-10-18","status":"publish","type":"product","link":"https:\/\/fullatacados.com.br\/index.php\/produto\/paralama-traseiro-xre300-10-18\/","title":{"rendered":"PARALAMA TRASEIRO XRE300 10\/18"},"content":{"rendered":"<p>Paralama traseiro XRE 300 2010 a 2018: pe\u00e7a original ou paralela em pl\u00e1stico resistente, compat\u00edvel com modelos XRE 300 de 2010 a 2018. Funciona como suporte de placa e protege a traseira da moto contra sujeira. F\u00e1cil instala\u00e7\u00e3o e \u00f3timo encaixe. Ideal para reposi\u00e7\u00e3o ou customiza\u00e7\u00e3o.<\/p>\n","protected":false},"excerpt":{"rendered":"<p>Paralama traseiro XRE 300 2010 a 2018: pe\u00e7a original ou paralela em pl\u00e1stico resistente, compat\u00edvel com modelos XRE 300 de 2010 a 2018. Funciona como suporte de placa e protege a traseira da moto contra sujeira. F\u00e1cil instala\u00e7\u00e3o e \u00f3timo encaixe. Ideal para reposi\u00e7\u00e3o ou customiza\u00e7\u00e3o.<\/p>\n","protected":false},"featured_media":14738,"comment_status":"closed","ping_status":"closed","template":"","meta":{"_joinchat":[]},"product_brand":[183],"product_cat":[482,125],"product_tag":[],"class_list":{"0":"post-12742","1":"product","2":"type-product","3":"status-publish","4":"has-post-thumbnail","6":"product_brand-pro-tork","7":"product_cat-moto-pecas","8":"product_cat-paralama","9":"product_shipping_class-envionormal","11":"first","12":"instock","13":"purchasable","14":"product-type-simple"},"_links":{"self":[{"href":"https:\/\/fullatacados.com.br\/index.php\/wp-json\/wp\/v2\/product\/12742","targetHints":{"allow":["GET"]}}],"collection":[{"href":"https:\/\/fullatacados.com.br\/index.php\/wp-json\/wp\/v2\/product"}],"about":[{"href":"https:\/\/fullatacados.com.br\/index.php\/wp-json\/wp\/v2\/types\/product"}],"replies":[{"embeddable":true,"href":"https:\/\/fullatacados.com.br\/index.php\/wp-json\/wp\/v2\/comments?post=12742"}],"wp:featuredmedia":[{"embeddable":true,"href":"https:\/\/fullatacados.com.br\/index.php\/wp-json\/wp\/v2\/media\/14738"}],"wp:attachment":[{"href":"https:\/\/fullatacados.com.br\/index.php\/wp-json\/wp\/v2\/media?parent=12742"}],"wp:term":[{"taxonomy":"product_brand","embeddable":true,"href":"https:\/\/fullatacados.com.br\/index.php\/wp-json\/wp\/v2\/product_brand?post=12742"},{"taxonomy":"product_cat","embeddable":true,"href":"https:\/\/fullatacados.com.br\/index.php\/wp-json\/wp\/v2\/product_cat?post=12742"},{"taxonomy":"product_tag","embeddable":true,"href":"https:\/\/fullatacados.com.br\/index.php\/wp-json\/wp\/v2\/product_tag?post=12742"}],"curies":[{"name":"wp","href":"https:\/\/api.w.org\/{rel}","templated":true}]}}