{"id":12723,"date":"2025-07-01T09:28:24","date_gmt":"2025-07-01T12:28:24","guid":{"rendered":"https:\/\/fullatacados.com.br\/index.php\/produto\/borracha-pedaleira-diant-bros-xr-xlr-un\/"},"modified":"2026-04-07T12:55:06","modified_gmt":"2026-04-07T15:55:06","slug":"borracha-pedaleira-diant-bros-xr-xlr-un","status":"publish","type":"product","link":"https:\/\/fullatacados.com.br\/index.php\/produto\/borracha-pedaleira-diant-bros-xr-xlr-un\/","title":{"rendered":"BORRACHA PEDALEIRA DIANT BROS\/XR\/XLR UN"},"content":{"rendered":"<p>Borracha pedaleira dianteira Bros\/XR\/XLR (unidade): pe\u00e7a em borracha resistente, encaixe f\u00e1cil, ideal para reposi\u00e7\u00e3o em motos trail Honda como Bros 125\/150\/160, XLR, XR 200 e Tornado. Proporciona conforto, ader\u00eancia e prote\u00e7\u00e3o. Vendida por unidade (lado direito ou esquerdo).<\/p>\n","protected":false},"excerpt":{"rendered":"<p>Borracha pedaleira dianteira Bros\/XR\/XLR (unidade): pe\u00e7a em borracha resistente, encaixe f\u00e1cil, ideal para reposi\u00e7\u00e3o em motos trail Honda como Bros 125\/150\/160, XLR, XR 200 e Tornado. Proporciona conforto, ader\u00eancia e prote\u00e7\u00e3o. Vendida por unidade (lado direito ou esquerdo).<\/p>\n","protected":false},"featured_media":14743,"comment_status":"closed","ping_status":"closed","template":"","meta":{"_joinchat":[]},"product_brand":[183],"product_cat":[28,482],"product_tag":[],"class_list":{"0":"post-12723","1":"product","2":"type-product","3":"status-publish","4":"has-post-thumbnail","6":"product_brand-pro-tork","7":"product_cat-borracha","8":"product_cat-moto-pecas","9":"product_shipping_class-envionormal","11":"first","12":"outofstock","13":"purchasable","14":"product-type-simple"},"_links":{"self":[{"href":"https:\/\/fullatacados.com.br\/index.php\/wp-json\/wp\/v2\/product\/12723","targetHints":{"allow":["GET"]}}],"collection":[{"href":"https:\/\/fullatacados.com.br\/index.php\/wp-json\/wp\/v2\/product"}],"about":[{"href":"https:\/\/fullatacados.com.br\/index.php\/wp-json\/wp\/v2\/types\/product"}],"replies":[{"embeddable":true,"href":"https:\/\/fullatacados.com.br\/index.php\/wp-json\/wp\/v2\/comments?post=12723"}],"wp:featuredmedia":[{"embeddable":true,"href":"https:\/\/fullatacados.com.br\/index.php\/wp-json\/wp\/v2\/media\/14743"}],"wp:attachment":[{"href":"https:\/\/fullatacados.com.br\/index.php\/wp-json\/wp\/v2\/media?parent=12723"}],"wp:term":[{"taxonomy":"product_brand","embeddable":true,"href":"https:\/\/fullatacados.com.br\/index.php\/wp-json\/wp\/v2\/product_brand?post=12723"},{"taxonomy":"product_cat","embeddable":true,"href":"https:\/\/fullatacados.com.br\/index.php\/wp-json\/wp\/v2\/product_cat?post=12723"},{"taxonomy":"product_tag","embeddable":true,"href":"https:\/\/fullatacados.com.br\/index.php\/wp-json\/wp\/v2\/product_tag?post=12723"}],"curies":[{"name":"wp","href":"https:\/\/api.w.org\/{rel}","templated":true}]}}