{"id":12722,"date":"2025-07-01T09:28:24","date_gmt":"2025-07-01T12:28:24","guid":{"rendered":"https:\/\/fullatacados.com.br\/index.php\/produto\/capacete-gladiator-articulado-branco-58\/"},"modified":"2025-12-01T13:26:26","modified_gmt":"2025-12-01T16:26:26","slug":"capacete-gladiator-articulado-branco-58","status":"publish","type":"product","link":"https:\/\/fullatacados.com.br\/index.php\/produto\/capacete-gladiator-articulado-branco-58\/","title":{"rendered":"CAPACETE GLADIATOR ARTICULADO BRANCO 58"},"content":{"rendered":"<p>Capacete Gladiator Articulado Branco \u2013 Tamanho 58: modelo escamote\u00e1vel com queixeira articulada, viseira dupla (clara + solar interna), casco em ABS, forro remov\u00edvel e lav\u00e1vel, sistema de ventila\u00e7\u00e3o e trava pr\u00e1tica. Ideal para uso urbano, com conforto e praticidade. Certificado pelo Inmetro<\/p>\n","protected":false},"excerpt":{"rendered":"<p>Capacete Gladiator Articulado Branco \u2013 Tamanho 58: modelo escamote\u00e1vel com queixeira articulada, viseira dupla (clara + solar interna), casco em ABS, forro remov\u00edvel e lav\u00e1vel, sistema de ventila\u00e7\u00e3o e trava pr\u00e1tica. Ideal para uso urbano, com conforto e praticidade. Certificado pelo Inmetro<\/p>\n","protected":false},"featured_media":14745,"comment_status":"closed","ping_status":"closed","template":"","meta":{"_joinchat":[]},"product_brand":[183],"product_cat":[101,482],"product_tag":[],"class_list":{"0":"post-12722","1":"product","2":"type-product","3":"status-publish","4":"has-post-thumbnail","6":"product_brand-pro-tork","7":"product_cat-capacete","8":"product_cat-moto-pecas","9":"product_shipping_class-envionormal","11":"first","12":"instock","13":"purchasable","14":"product-type-simple"},"_links":{"self":[{"href":"https:\/\/fullatacados.com.br\/index.php\/wp-json\/wp\/v2\/product\/12722","targetHints":{"allow":["GET"]}}],"collection":[{"href":"https:\/\/fullatacados.com.br\/index.php\/wp-json\/wp\/v2\/product"}],"about":[{"href":"https:\/\/fullatacados.com.br\/index.php\/wp-json\/wp\/v2\/types\/product"}],"replies":[{"embeddable":true,"href":"https:\/\/fullatacados.com.br\/index.php\/wp-json\/wp\/v2\/comments?post=12722"}],"wp:featuredmedia":[{"embeddable":true,"href":"https:\/\/fullatacados.com.br\/index.php\/wp-json\/wp\/v2\/media\/14745"}],"wp:attachment":[{"href":"https:\/\/fullatacados.com.br\/index.php\/wp-json\/wp\/v2\/media?parent=12722"}],"wp:term":[{"taxonomy":"product_brand","embeddable":true,"href":"https:\/\/fullatacados.com.br\/index.php\/wp-json\/wp\/v2\/product_brand?post=12722"},{"taxonomy":"product_cat","embeddable":true,"href":"https:\/\/fullatacados.com.br\/index.php\/wp-json\/wp\/v2\/product_cat?post=12722"},{"taxonomy":"product_tag","embeddable":true,"href":"https:\/\/fullatacados.com.br\/index.php\/wp-json\/wp\/v2\/product_tag?post=12722"}],"curies":[{"name":"wp","href":"https:\/\/api.w.org\/{rel}","templated":true}]}}