{"id":12703,"date":"2025-07-01T09:28:18","date_gmt":"2025-07-01T12:28:18","guid":{"rendered":"https:\/\/fullatacados.com.br\/index.php\/produto\/capa-banco-tenere250\/"},"modified":"2026-04-29T18:25:09","modified_gmt":"2026-04-29T21:25:09","slug":"capa-banco-tenere250","status":"publish","type":"product","link":"https:\/\/fullatacados.com.br\/index.php\/produto\/capa-banco-tenere250\/","title":{"rendered":"CAPA BANCO TENERE250"},"content":{"rendered":"<p>Capa de banco para Yamaha T\u00e9n\u00e9r\u00e9 250. Produzida em material resistente, proporciona prote\u00e7\u00e3o, conforto e acabamento est\u00e9tico ao assento da moto. Ideal para substitui\u00e7\u00e3o ou personaliza\u00e7\u00e3o.<\/p>\n","protected":false},"excerpt":{"rendered":"<p>Capa de banco para Yamaha T\u00e9n\u00e9r\u00e9 250. Produzida em material resistente, proporciona prote\u00e7\u00e3o, conforto e acabamento est\u00e9tico ao assento da moto. Ideal para substitui\u00e7\u00e3o ou personaliza\u00e7\u00e3o.<\/p>\n","protected":false},"featured_media":14746,"comment_status":"closed","ping_status":"closed","template":"","meta":{"_joinchat":[]},"product_brand":[255],"product_cat":[75,482],"product_tag":[],"class_list":{"0":"post-12703","1":"product","2":"type-product","3":"status-publish","4":"has-post-thumbnail","6":"product_brand-piracapas","7":"product_cat-capa","8":"product_cat-moto-pecas","9":"product_shipping_class-envionormal","11":"first","12":"instock","13":"purchasable","14":"product-type-simple"},"_links":{"self":[{"href":"https:\/\/fullatacados.com.br\/index.php\/wp-json\/wp\/v2\/product\/12703","targetHints":{"allow":["GET"]}}],"collection":[{"href":"https:\/\/fullatacados.com.br\/index.php\/wp-json\/wp\/v2\/product"}],"about":[{"href":"https:\/\/fullatacados.com.br\/index.php\/wp-json\/wp\/v2\/types\/product"}],"replies":[{"embeddable":true,"href":"https:\/\/fullatacados.com.br\/index.php\/wp-json\/wp\/v2\/comments?post=12703"}],"wp:featuredmedia":[{"embeddable":true,"href":"https:\/\/fullatacados.com.br\/index.php\/wp-json\/wp\/v2\/media\/14746"}],"wp:attachment":[{"href":"https:\/\/fullatacados.com.br\/index.php\/wp-json\/wp\/v2\/media?parent=12703"}],"wp:term":[{"taxonomy":"product_brand","embeddable":true,"href":"https:\/\/fullatacados.com.br\/index.php\/wp-json\/wp\/v2\/product_brand?post=12703"},{"taxonomy":"product_cat","embeddable":true,"href":"https:\/\/fullatacados.com.br\/index.php\/wp-json\/wp\/v2\/product_cat?post=12703"},{"taxonomy":"product_tag","embeddable":true,"href":"https:\/\/fullatacados.com.br\/index.php\/wp-json\/wp\/v2\/product_tag?post=12703"}],"curies":[{"name":"wp","href":"https:\/\/api.w.org\/{rel}","templated":true}]}}