{"id":12702,"date":"2025-07-01T09:28:18","date_gmt":"2025-07-01T12:28:18","guid":{"rendered":"https:\/\/fullatacados.com.br\/index.php\/produto\/capa-banco-xtz125\/"},"modified":"2026-04-10T09:50:07","modified_gmt":"2026-04-10T12:50:07","slug":"capa-banco-xtz125","status":"publish","type":"product","link":"https:\/\/fullatacados.com.br\/index.php\/produto\/capa-banco-xtz125\/","title":{"rendered":"CAPA BANCO XTZ125"},"content":{"rendered":"<p>Capa de banco para XTZ 125. Confeccionada em material dur\u00e1vel, protege o assento contra desgastes e intemp\u00e9ries, oferecendo conforto e um visual renovado \u00e0 moto.<\/p>\n","protected":false},"excerpt":{"rendered":"<p>Capa de banco para XTZ 125. Confeccionada em material dur\u00e1vel, protege o assento contra desgastes e intemp\u00e9ries, oferecendo conforto e um visual renovado \u00e0 moto.<\/p>\n","protected":false},"featured_media":14747,"comment_status":"closed","ping_status":"closed","template":"","meta":{"_joinchat":[]},"product_brand":[255],"product_cat":[75,482],"product_tag":[],"class_list":{"0":"post-12702","1":"product","2":"type-product","3":"status-publish","4":"has-post-thumbnail","6":"product_brand-piracapas","7":"product_cat-capa","8":"product_cat-moto-pecas","9":"product_shipping_class-envionormal","11":"first","12":"instock","13":"purchasable","14":"product-type-simple"},"_links":{"self":[{"href":"https:\/\/fullatacados.com.br\/index.php\/wp-json\/wp\/v2\/product\/12702","targetHints":{"allow":["GET"]}}],"collection":[{"href":"https:\/\/fullatacados.com.br\/index.php\/wp-json\/wp\/v2\/product"}],"about":[{"href":"https:\/\/fullatacados.com.br\/index.php\/wp-json\/wp\/v2\/types\/product"}],"replies":[{"embeddable":true,"href":"https:\/\/fullatacados.com.br\/index.php\/wp-json\/wp\/v2\/comments?post=12702"}],"wp:featuredmedia":[{"embeddable":true,"href":"https:\/\/fullatacados.com.br\/index.php\/wp-json\/wp\/v2\/media\/14747"}],"wp:attachment":[{"href":"https:\/\/fullatacados.com.br\/index.php\/wp-json\/wp\/v2\/media?parent=12702"}],"wp:term":[{"taxonomy":"product_brand","embeddable":true,"href":"https:\/\/fullatacados.com.br\/index.php\/wp-json\/wp\/v2\/product_brand?post=12702"},{"taxonomy":"product_cat","embeddable":true,"href":"https:\/\/fullatacados.com.br\/index.php\/wp-json\/wp\/v2\/product_cat?post=12702"},{"taxonomy":"product_tag","embeddable":true,"href":"https:\/\/fullatacados.com.br\/index.php\/wp-json\/wp\/v2\/product_tag?post=12702"}],"curies":[{"name":"wp","href":"https:\/\/api.w.org\/{rel}","templated":true}]}}