{"id":12698,"date":"2025-07-01T09:28:12","date_gmt":"2025-07-01T12:28:12","guid":{"rendered":"https:\/\/fullatacados.com.br\/index.php\/produto\/amortecedor-faz150-fact150\/"},"modified":"2026-04-17T11:40:07","modified_gmt":"2026-04-17T14:40:07","slug":"amortecedor-faz150-fact150","status":"publish","type":"product","link":"https:\/\/fullatacados.com.br\/index.php\/produto\/amortecedor-faz150-fact150\/","title":{"rendered":"AMORTECEDOR FAZ150\/FACT150"},"content":{"rendered":"<p><span class=\"relative -mx-px my-[-0.2rem] rounded px-px py-[0.2rem] transition-colors duration-100 ease-in-out\">O amortecedor traseiro Scud Pro\u202fLink (c\u00f3d.\u202f10010034) \u00e9 compat\u00edvel com Yamaha XTZ\/Crosser\u202f150 nos anos de 2014 a 2017. Com estrutura robusta em metal, possui 37\u202fcm de comprimento e 35\u202fcm entre furos, oferecendo alta resist\u00eancia e conforto ao absorver impactos. Acompanha buchas para instala\u00e7\u00e3o, design otimizado para estabilidade e garantia de f\u00e1brica de 6 meses, atendendo ao padr\u00e3o original da Yamaha para uso urbano e off\u2011road<\/span><\/p>\n","protected":false},"excerpt":{"rendered":"<p data-start=\"278\" data-end=\"401\">Amortecedor traseiro Scud Pro\u202fLink para Crosser\u202f150 (2014\u20132017): forte, est\u00e1vel, com buchas inclusas e garantia de 6\u202fmeses.<\/p>\n","protected":false},"featured_media":13203,"comment_status":"closed","ping_status":"closed","template":"","meta":{"_joinchat":[]},"product_brand":[199],"product_cat":[170,482],"product_tag":[],"class_list":{"0":"post-12698","1":"product","2":"type-product","3":"status-publish","4":"has-post-thumbnail","6":"product_brand-importado","7":"product_cat-amortecedor","8":"product_cat-moto-pecas","9":"product_shipping_class-envionormal","11":"first","12":"instock","13":"purchasable","14":"product-type-simple"},"_links":{"self":[{"href":"https:\/\/fullatacados.com.br\/index.php\/wp-json\/wp\/v2\/product\/12698","targetHints":{"allow":["GET"]}}],"collection":[{"href":"https:\/\/fullatacados.com.br\/index.php\/wp-json\/wp\/v2\/product"}],"about":[{"href":"https:\/\/fullatacados.com.br\/index.php\/wp-json\/wp\/v2\/types\/product"}],"replies":[{"embeddable":true,"href":"https:\/\/fullatacados.com.br\/index.php\/wp-json\/wp\/v2\/comments?post=12698"}],"wp:featuredmedia":[{"embeddable":true,"href":"https:\/\/fullatacados.com.br\/index.php\/wp-json\/wp\/v2\/media\/13203"}],"wp:attachment":[{"href":"https:\/\/fullatacados.com.br\/index.php\/wp-json\/wp\/v2\/media?parent=12698"}],"wp:term":[{"taxonomy":"product_brand","embeddable":true,"href":"https:\/\/fullatacados.com.br\/index.php\/wp-json\/wp\/v2\/product_brand?post=12698"},{"taxonomy":"product_cat","embeddable":true,"href":"https:\/\/fullatacados.com.br\/index.php\/wp-json\/wp\/v2\/product_cat?post=12698"},{"taxonomy":"product_tag","embeddable":true,"href":"https:\/\/fullatacados.com.br\/index.php\/wp-json\/wp\/v2\/product_tag?post=12698"}],"curies":[{"name":"wp","href":"https:\/\/api.w.org\/{rel}","templated":true}]}}