{"id":12684,"date":"2025-07-01T09:28:12","date_gmt":"2025-07-01T12:28:12","guid":{"rendered":"https:\/\/fullatacados.com.br\/index.php\/produto\/valvula-admissao-yes-intruder125\/"},"modified":"2026-04-08T08:10:07","modified_gmt":"2026-04-08T11:10:07","slug":"valvula-admissao-yes-intruder125","status":"publish","type":"product","link":"https:\/\/fullatacados.com.br\/index.php\/produto\/valvula-admissao-yes-intruder125\/","title":{"rendered":"VALVULA ADMISSAO YES\/INTRUDER125"},"content":{"rendered":"<p>\u200eAdicione uma legenda&#8230; V\u00e1lvula de admiss\u00e3o para Suzuki Yes e Intruder 125. Respons\u00e1vel pela entrada da mistura ar\/combust\u00edvel no motor, garante desempenho e funcionamento eficiente do motor.<\/p>\n","protected":false},"excerpt":{"rendered":"<p>\u200eAdicione uma legenda&#8230; V\u00e1lvula de admiss\u00e3o para Suzuki Yes e Intruder 125. Respons\u00e1vel pela entrada da mistura ar\/combust\u00edvel no motor, garante desempenho e funcionamento eficiente do motor.<\/p>\n","protected":false},"featured_media":14750,"comment_status":"closed","ping_status":"closed","template":"","meta":{"_joinchat":[]},"product_brand":[207],"product_cat":[482,123],"product_tag":[],"class_list":{"0":"post-12684","1":"product","2":"type-product","3":"status-publish","4":"has-post-thumbnail","6":"product_brand-metal-leve","7":"product_cat-moto-pecas","8":"product_cat-valvula","9":"product_shipping_class-envionormal","11":"first","12":"instock","13":"purchasable","14":"product-type-simple"},"_links":{"self":[{"href":"https:\/\/fullatacados.com.br\/index.php\/wp-json\/wp\/v2\/product\/12684","targetHints":{"allow":["GET"]}}],"collection":[{"href":"https:\/\/fullatacados.com.br\/index.php\/wp-json\/wp\/v2\/product"}],"about":[{"href":"https:\/\/fullatacados.com.br\/index.php\/wp-json\/wp\/v2\/types\/product"}],"replies":[{"embeddable":true,"href":"https:\/\/fullatacados.com.br\/index.php\/wp-json\/wp\/v2\/comments?post=12684"}],"wp:featuredmedia":[{"embeddable":true,"href":"https:\/\/fullatacados.com.br\/index.php\/wp-json\/wp\/v2\/media\/14750"}],"wp:attachment":[{"href":"https:\/\/fullatacados.com.br\/index.php\/wp-json\/wp\/v2\/media?parent=12684"}],"wp:term":[{"taxonomy":"product_brand","embeddable":true,"href":"https:\/\/fullatacados.com.br\/index.php\/wp-json\/wp\/v2\/product_brand?post=12684"},{"taxonomy":"product_cat","embeddable":true,"href":"https:\/\/fullatacados.com.br\/index.php\/wp-json\/wp\/v2\/product_cat?post=12684"},{"taxonomy":"product_tag","embeddable":true,"href":"https:\/\/fullatacados.com.br\/index.php\/wp-json\/wp\/v2\/product_tag?post=12684"}],"curies":[{"name":"wp","href":"https:\/\/api.w.org\/{rel}","templated":true}]}}