{"id":12682,"date":"2025-07-01T09:28:12","date_gmt":"2025-07-01T12:28:12","guid":{"rendered":"https:\/\/fullatacados.com.br\/index.php\/produto\/valvula-escape-biz100\/"},"modified":"2025-12-17T13:05:10","modified_gmt":"2025-12-17T16:05:10","slug":"valvula-escape-biz100","status":"publish","type":"product","link":"https:\/\/fullatacados.com.br\/index.php\/produto\/valvula-escape-biz100\/","title":{"rendered":"VALVULA ESCAPE BIZ100"},"content":{"rendered":"<p>V\u00e1lvula de escape para Honda Biz 100. Respons\u00e1vel pela libera\u00e7\u00e3o dos gases da combust\u00e3o, garante o bom funcionamento do motor e contribui para o desempenho e durabilidade.<\/p>\n","protected":false},"excerpt":{"rendered":"<p>V\u00e1lvula de escape para Honda Biz 100. Respons\u00e1vel pela libera\u00e7\u00e3o dos gases da combust\u00e3o, garante o bom funcionamento do motor e contribui para o desempenho e durabilidade.<\/p>\n","protected":false},"featured_media":14750,"comment_status":"closed","ping_status":"closed","template":"","meta":{"_joinchat":[]},"product_brand":[207],"product_cat":[482,123],"product_tag":[],"class_list":{"0":"post-12682","1":"product","2":"type-product","3":"status-publish","4":"has-post-thumbnail","6":"product_brand-metal-leve","7":"product_cat-moto-pecas","8":"product_cat-valvula","9":"product_shipping_class-envionormal","11":"first","12":"instock","13":"purchasable","14":"product-type-simple"},"_links":{"self":[{"href":"https:\/\/fullatacados.com.br\/index.php\/wp-json\/wp\/v2\/product\/12682","targetHints":{"allow":["GET"]}}],"collection":[{"href":"https:\/\/fullatacados.com.br\/index.php\/wp-json\/wp\/v2\/product"}],"about":[{"href":"https:\/\/fullatacados.com.br\/index.php\/wp-json\/wp\/v2\/types\/product"}],"replies":[{"embeddable":true,"href":"https:\/\/fullatacados.com.br\/index.php\/wp-json\/wp\/v2\/comments?post=12682"}],"wp:featuredmedia":[{"embeddable":true,"href":"https:\/\/fullatacados.com.br\/index.php\/wp-json\/wp\/v2\/media\/14750"}],"wp:attachment":[{"href":"https:\/\/fullatacados.com.br\/index.php\/wp-json\/wp\/v2\/media?parent=12682"}],"wp:term":[{"taxonomy":"product_brand","embeddable":true,"href":"https:\/\/fullatacados.com.br\/index.php\/wp-json\/wp\/v2\/product_brand?post=12682"},{"taxonomy":"product_cat","embeddable":true,"href":"https:\/\/fullatacados.com.br\/index.php\/wp-json\/wp\/v2\/product_cat?post=12682"},{"taxonomy":"product_tag","embeddable":true,"href":"https:\/\/fullatacados.com.br\/index.php\/wp-json\/wp\/v2\/product_tag?post=12682"}],"curies":[{"name":"wp","href":"https:\/\/api.w.org\/{rel}","templated":true}]}}