{"id":12662,"date":"2025-07-01T09:28:07","date_gmt":"2025-07-01T12:28:07","guid":{"rendered":"https:\/\/fullatacados.com.br\/index.php\/produto\/retentor-roda-tras-tit-todas\/"},"modified":"2025-12-16T18:05:08","modified_gmt":"2025-12-16T21:05:08","slug":"retentor-roda-tras-tit-todas","status":"publish","type":"product","link":"https:\/\/fullatacados.com.br\/index.php\/produto\/retentor-roda-tras-tit-todas\/","title":{"rendered":"RETENTOR RODA TRAS TIT TODAS"},"content":{"rendered":"<p>Retentor de roda traseira para todas as vers\u00f5es da Honda Titan. Pe\u00e7a essencial para vedar e proteger o eixo da roda contra sujeira e vazamentos, garantindo maior durabilidade e seguran\u00e7a.<\/p>\n","protected":false},"excerpt":{"rendered":"<p>Retentor de roda traseira para todas as vers\u00f5es da Honda Titan. Pe\u00e7a essencial para vedar e proteger o eixo da roda contra sujeira e vazamentos, garantindo maior durabilidade e seguran\u00e7a.<\/p>\n","protected":false},"featured_media":14764,"comment_status":"closed","ping_status":"closed","template":"","meta":{"_joinchat":[]},"product_brand":[181],"product_cat":[482,54],"product_tag":[],"class_list":{"0":"post-12662","1":"product","2":"type-product","3":"status-publish","4":"has-post-thumbnail","6":"product_brand-smartfox","7":"product_cat-moto-pecas","8":"product_cat-retentor","9":"product_shipping_class-envionormal","11":"first","12":"outofstock","13":"purchasable","14":"product-type-simple"},"_links":{"self":[{"href":"https:\/\/fullatacados.com.br\/index.php\/wp-json\/wp\/v2\/product\/12662","targetHints":{"allow":["GET"]}}],"collection":[{"href":"https:\/\/fullatacados.com.br\/index.php\/wp-json\/wp\/v2\/product"}],"about":[{"href":"https:\/\/fullatacados.com.br\/index.php\/wp-json\/wp\/v2\/types\/product"}],"replies":[{"embeddable":true,"href":"https:\/\/fullatacados.com.br\/index.php\/wp-json\/wp\/v2\/comments?post=12662"}],"wp:featuredmedia":[{"embeddable":true,"href":"https:\/\/fullatacados.com.br\/index.php\/wp-json\/wp\/v2\/media\/14764"}],"wp:attachment":[{"href":"https:\/\/fullatacados.com.br\/index.php\/wp-json\/wp\/v2\/media?parent=12662"}],"wp:term":[{"taxonomy":"product_brand","embeddable":true,"href":"https:\/\/fullatacados.com.br\/index.php\/wp-json\/wp\/v2\/product_brand?post=12662"},{"taxonomy":"product_cat","embeddable":true,"href":"https:\/\/fullatacados.com.br\/index.php\/wp-json\/wp\/v2\/product_cat?post=12662"},{"taxonomy":"product_tag","embeddable":true,"href":"https:\/\/fullatacados.com.br\/index.php\/wp-json\/wp\/v2\/product_tag?post=12662"}],"curies":[{"name":"wp","href":"https:\/\/api.w.org\/{rel}","templated":true}]}}