{"id":12661,"date":"2025-07-01T09:28:07","date_gmt":"2025-07-01T12:28:07","guid":{"rendered":"https:\/\/fullatacados.com.br\/index.php\/produto\/retentor-roda-diant-ld-tit-todas\/"},"modified":"2026-04-20T17:40:07","modified_gmt":"2026-04-20T20:40:07","slug":"retentor-roda-diant-ld-tit-todas","status":"publish","type":"product","link":"https:\/\/fullatacados.com.br\/index.php\/produto\/retentor-roda-diant-ld-tit-todas\/","title":{"rendered":"RETENTOR RODA DIANT LD TIT TODAS"},"content":{"rendered":"<p>Retentor de roda dianteira lado direito para todas as vers\u00f5es da Honda Titan. Garante veda\u00e7\u00e3o eficaz, protegendo o rolamento contra sujeira e umidade, aumentando a durabilidade da pe\u00e7a.<\/p>\n","protected":false},"excerpt":{"rendered":"<p>Retentor de roda dianteira lado direito para todas as vers\u00f5es da Honda Titan. Garante veda\u00e7\u00e3o eficaz, protegendo o rolamento contra sujeira e umidade, aumentando a durabilidade da pe\u00e7a.<\/p>\n","protected":false},"featured_media":14766,"comment_status":"closed","ping_status":"closed","template":"","meta":{"_joinchat":[]},"product_brand":[181],"product_cat":[482,54],"product_tag":[],"class_list":{"0":"post-12661","1":"product","2":"type-product","3":"status-publish","4":"has-post-thumbnail","6":"product_brand-smartfox","7":"product_cat-moto-pecas","8":"product_cat-retentor","9":"product_shipping_class-envionormal","11":"first","12":"instock","13":"purchasable","14":"product-type-simple"},"_links":{"self":[{"href":"https:\/\/fullatacados.com.br\/index.php\/wp-json\/wp\/v2\/product\/12661","targetHints":{"allow":["GET"]}}],"collection":[{"href":"https:\/\/fullatacados.com.br\/index.php\/wp-json\/wp\/v2\/product"}],"about":[{"href":"https:\/\/fullatacados.com.br\/index.php\/wp-json\/wp\/v2\/types\/product"}],"replies":[{"embeddable":true,"href":"https:\/\/fullatacados.com.br\/index.php\/wp-json\/wp\/v2\/comments?post=12661"}],"wp:featuredmedia":[{"embeddable":true,"href":"https:\/\/fullatacados.com.br\/index.php\/wp-json\/wp\/v2\/media\/14766"}],"wp:attachment":[{"href":"https:\/\/fullatacados.com.br\/index.php\/wp-json\/wp\/v2\/media?parent=12661"}],"wp:term":[{"taxonomy":"product_brand","embeddable":true,"href":"https:\/\/fullatacados.com.br\/index.php\/wp-json\/wp\/v2\/product_brand?post=12661"},{"taxonomy":"product_cat","embeddable":true,"href":"https:\/\/fullatacados.com.br\/index.php\/wp-json\/wp\/v2\/product_cat?post=12661"},{"taxonomy":"product_tag","embeddable":true,"href":"https:\/\/fullatacados.com.br\/index.php\/wp-json\/wp\/v2\/product_tag?post=12661"}],"curies":[{"name":"wp","href":"https:\/\/api.w.org\/{rel}","templated":true}]}}