{"id":12644,"date":"2025-07-01T09:28:01","date_gmt":"2025-07-01T12:28:01","guid":{"rendered":"https:\/\/fullatacados.com.br\/index.php\/produto\/valvula-escape-comet-mirage250\/"},"modified":"2025-12-01T13:26:34","modified_gmt":"2025-12-01T16:26:34","slug":"valvula-escape-comet-mirage250","status":"publish","type":"product","link":"https:\/\/fullatacados.com.br\/index.php\/produto\/valvula-escape-comet-mirage250\/","title":{"rendered":"VALVULA ESCAPE COMET\/MIRAGE250"},"content":{"rendered":"<p>V\u00e1lvula de escape para Suzuki Comet e Mirage 250. Controla a sa\u00edda dos gases da combust\u00e3o, garantindo o bom desempenho do motor e efici\u00eancia na expuls\u00e3o dos gases.<\/p>\n","protected":false},"excerpt":{"rendered":"<p>V\u00e1lvula de escape para Suzuki Comet e Mirage 250. Controla a sa\u00edda dos gases da combust\u00e3o, garantindo o bom desempenho do motor e efici\u00eancia na expuls\u00e3o dos gases.<\/p>\n","protected":false},"featured_media":14767,"comment_status":"closed","ping_status":"closed","template":"","meta":{"_joinchat":[]},"product_brand":[207],"product_cat":[482,123],"product_tag":[],"class_list":{"0":"post-12644","1":"product","2":"type-product","3":"status-publish","4":"has-post-thumbnail","6":"product_brand-metal-leve","7":"product_cat-moto-pecas","8":"product_cat-valvula","9":"product_shipping_class-envionormal","11":"first","12":"instock","13":"purchasable","14":"product-type-simple"},"_links":{"self":[{"href":"https:\/\/fullatacados.com.br\/index.php\/wp-json\/wp\/v2\/product\/12644","targetHints":{"allow":["GET"]}}],"collection":[{"href":"https:\/\/fullatacados.com.br\/index.php\/wp-json\/wp\/v2\/product"}],"about":[{"href":"https:\/\/fullatacados.com.br\/index.php\/wp-json\/wp\/v2\/types\/product"}],"replies":[{"embeddable":true,"href":"https:\/\/fullatacados.com.br\/index.php\/wp-json\/wp\/v2\/comments?post=12644"}],"wp:featuredmedia":[{"embeddable":true,"href":"https:\/\/fullatacados.com.br\/index.php\/wp-json\/wp\/v2\/media\/14767"}],"wp:attachment":[{"href":"https:\/\/fullatacados.com.br\/index.php\/wp-json\/wp\/v2\/media?parent=12644"}],"wp:term":[{"taxonomy":"product_brand","embeddable":true,"href":"https:\/\/fullatacados.com.br\/index.php\/wp-json\/wp\/v2\/product_brand?post=12644"},{"taxonomy":"product_cat","embeddable":true,"href":"https:\/\/fullatacados.com.br\/index.php\/wp-json\/wp\/v2\/product_cat?post=12644"},{"taxonomy":"product_tag","embeddable":true,"href":"https:\/\/fullatacados.com.br\/index.php\/wp-json\/wp\/v2\/product_tag?post=12644"}],"curies":[{"name":"wp","href":"https:\/\/api.w.org\/{rel}","templated":true}]}}