{"id":12624,"date":"2025-07-01T09:27:56","date_gmt":"2025-07-01T12:27:56","guid":{"rendered":"https:\/\/fullatacados.com.br\/index.php\/produto\/viseira-capacete-helt-race-colorida\/"},"modified":"2025-12-01T13:26:37","modified_gmt":"2025-12-01T16:26:37","slug":"viseira-capacete-helt-race-colorida","status":"publish","type":"product","link":"https:\/\/fullatacados.com.br\/index.php\/produto\/viseira-capacete-helt-race-colorida\/","title":{"rendered":"VISEIRA CAPACETE HELT RACE COLORIDA"},"content":{"rendered":"<p>Viseira colorida para capacete Helt Race. Fabricada em material resistente, oferece prote\u00e7\u00e3o contra vento, poeira e raios solares, al\u00e9m de dar um visual mais esportivo ao capacete.<\/p>\n","protected":false},"excerpt":{"rendered":"<p>Viseira colorida para capacete Helt Race. Fabricada em material resistente, oferece prote\u00e7\u00e3o contra vento, poeira e raios solares, al\u00e9m de dar um visual mais esportivo ao capacete.<\/p>\n","protected":false},"featured_media":14773,"comment_status":"closed","ping_status":"closed","template":"","meta":{"_joinchat":[]},"product_brand":[243],"product_cat":[482,65],"product_tag":[],"class_list":{"0":"post-12624","1":"product","2":"type-product","3":"status-publish","4":"has-post-thumbnail","6":"product_brand-helt","7":"product_cat-moto-pecas","8":"product_cat-viseira","9":"product_shipping_class-envionormal","11":"first","12":"instock","13":"purchasable","14":"product-type-simple"},"_links":{"self":[{"href":"https:\/\/fullatacados.com.br\/index.php\/wp-json\/wp\/v2\/product\/12624","targetHints":{"allow":["GET"]}}],"collection":[{"href":"https:\/\/fullatacados.com.br\/index.php\/wp-json\/wp\/v2\/product"}],"about":[{"href":"https:\/\/fullatacados.com.br\/index.php\/wp-json\/wp\/v2\/types\/product"}],"replies":[{"embeddable":true,"href":"https:\/\/fullatacados.com.br\/index.php\/wp-json\/wp\/v2\/comments?post=12624"}],"wp:featuredmedia":[{"embeddable":true,"href":"https:\/\/fullatacados.com.br\/index.php\/wp-json\/wp\/v2\/media\/14773"}],"wp:attachment":[{"href":"https:\/\/fullatacados.com.br\/index.php\/wp-json\/wp\/v2\/media?parent=12624"}],"wp:term":[{"taxonomy":"product_brand","embeddable":true,"href":"https:\/\/fullatacados.com.br\/index.php\/wp-json\/wp\/v2\/product_brand?post=12624"},{"taxonomy":"product_cat","embeddable":true,"href":"https:\/\/fullatacados.com.br\/index.php\/wp-json\/wp\/v2\/product_cat?post=12624"},{"taxonomy":"product_tag","embeddable":true,"href":"https:\/\/fullatacados.com.br\/index.php\/wp-json\/wp\/v2\/product_tag?post=12624"}],"curies":[{"name":"wp","href":"https:\/\/api.w.org\/{rel}","templated":true}]}}