{"id":12622,"date":"2025-07-01T09:27:56","date_gmt":"2025-07-01T12:27:56","guid":{"rendered":"https:\/\/fullatacados.com.br\/index.php\/produto\/vareta-nivel-oleo-tit150\/"},"modified":"2026-04-16T08:30:07","modified_gmt":"2026-04-16T11:30:07","slug":"vareta-nivel-oleo-tit150","status":"publish","type":"product","link":"https:\/\/fullatacados.com.br\/index.php\/produto\/vareta-nivel-oleo-tit150\/","title":{"rendered":"VARETA NIVEL OLEO TIT150"},"content":{"rendered":"<p>Vareta de n\u00edvel de \u00f3leo para Honda Titan 150. Utilizada para medir a quantidade de \u00f3leo no motor, garantindo o funcionamento adequado e prevenindo danos por falta de lubrifica\u00e7\u00e3o.<\/p>\n","protected":false},"excerpt":{"rendered":"<p>Vareta de n\u00edvel de \u00f3leo para Honda Titan 150. Utilizada para medir a quantidade de \u00f3leo no motor, garantindo o funcionamento adequado e prevenindo danos por falta de lubrifica\u00e7\u00e3o.<\/p>\n","protected":false},"featured_media":14776,"comment_status":"closed","ping_status":"closed","template":"","meta":{"_joinchat":[]},"product_brand":[181],"product_cat":[482,82],"product_tag":[],"class_list":{"0":"post-12622","1":"product","2":"type-product","3":"status-publish","4":"has-post-thumbnail","6":"product_brand-smartfox","7":"product_cat-moto-pecas","8":"product_cat-vareta","9":"product_shipping_class-envionormal","11":"first","12":"instock","13":"purchasable","14":"product-type-simple"},"_links":{"self":[{"href":"https:\/\/fullatacados.com.br\/index.php\/wp-json\/wp\/v2\/product\/12622","targetHints":{"allow":["GET"]}}],"collection":[{"href":"https:\/\/fullatacados.com.br\/index.php\/wp-json\/wp\/v2\/product"}],"about":[{"href":"https:\/\/fullatacados.com.br\/index.php\/wp-json\/wp\/v2\/types\/product"}],"replies":[{"embeddable":true,"href":"https:\/\/fullatacados.com.br\/index.php\/wp-json\/wp\/v2\/comments?post=12622"}],"wp:featuredmedia":[{"embeddable":true,"href":"https:\/\/fullatacados.com.br\/index.php\/wp-json\/wp\/v2\/media\/14776"}],"wp:attachment":[{"href":"https:\/\/fullatacados.com.br\/index.php\/wp-json\/wp\/v2\/media?parent=12622"}],"wp:term":[{"taxonomy":"product_brand","embeddable":true,"href":"https:\/\/fullatacados.com.br\/index.php\/wp-json\/wp\/v2\/product_brand?post=12622"},{"taxonomy":"product_cat","embeddable":true,"href":"https:\/\/fullatacados.com.br\/index.php\/wp-json\/wp\/v2\/product_cat?post=12622"},{"taxonomy":"product_tag","embeddable":true,"href":"https:\/\/fullatacados.com.br\/index.php\/wp-json\/wp\/v2\/product_tag?post=12622"}],"curies":[{"name":"wp","href":"https:\/\/api.w.org\/{rel}","templated":true}]}}