{"id":12621,"date":"2025-07-01T09:27:56","date_gmt":"2025-07-01T12:27:56","guid":{"rendered":"https:\/\/fullatacados.com.br\/index.php\/produto\/vareta-nivel-oleo-cg-tod-tit99-fan\/"},"modified":"2026-04-07T16:45:06","modified_gmt":"2026-04-07T19:45:06","slug":"vareta-nivel-oleo-cg-tod-tit99-fan","status":"publish","type":"product","link":"https:\/\/fullatacados.com.br\/index.php\/produto\/vareta-nivel-oleo-cg-tod-tit99-fan\/","title":{"rendered":"VARETA NIVEL OLEO CG\/TOD\/TIT99\/FAN"},"content":{"rendered":"<p>Vareta de n\u00edvel de \u00f3leo para Honda CG, Today, Titan 99 e Fan. Essencial para a verifica\u00e7\u00e3o do n\u00edvel de \u00f3leo do motor, ajudando na manuten\u00e7\u00e3o preventiva e no bom desempenho da moto.<\/p>\n","protected":false},"excerpt":{"rendered":"<p>Vareta de n\u00edvel de \u00f3leo para Honda CG, Today, Titan 99 e Fan. Essencial para a verifica\u00e7\u00e3o do n\u00edvel de \u00f3leo do motor, ajudando na manuten\u00e7\u00e3o preventiva e no bom desempenho da moto.<\/p>\n","protected":false},"featured_media":14778,"comment_status":"closed","ping_status":"closed","template":"","meta":{"_joinchat":[]},"product_brand":[181],"product_cat":[482,82],"product_tag":[],"class_list":{"0":"post-12621","1":"product","2":"type-product","3":"status-publish","4":"has-post-thumbnail","6":"product_brand-smartfox","7":"product_cat-moto-pecas","8":"product_cat-vareta","9":"product_shipping_class-envionormal","11":"first","12":"instock","13":"purchasable","14":"product-type-simple"},"_links":{"self":[{"href":"https:\/\/fullatacados.com.br\/index.php\/wp-json\/wp\/v2\/product\/12621","targetHints":{"allow":["GET"]}}],"collection":[{"href":"https:\/\/fullatacados.com.br\/index.php\/wp-json\/wp\/v2\/product"}],"about":[{"href":"https:\/\/fullatacados.com.br\/index.php\/wp-json\/wp\/v2\/types\/product"}],"replies":[{"embeddable":true,"href":"https:\/\/fullatacados.com.br\/index.php\/wp-json\/wp\/v2\/comments?post=12621"}],"wp:featuredmedia":[{"embeddable":true,"href":"https:\/\/fullatacados.com.br\/index.php\/wp-json\/wp\/v2\/media\/14778"}],"wp:attachment":[{"href":"https:\/\/fullatacados.com.br\/index.php\/wp-json\/wp\/v2\/media?parent=12621"}],"wp:term":[{"taxonomy":"product_brand","embeddable":true,"href":"https:\/\/fullatacados.com.br\/index.php\/wp-json\/wp\/v2\/product_brand?post=12621"},{"taxonomy":"product_cat","embeddable":true,"href":"https:\/\/fullatacados.com.br\/index.php\/wp-json\/wp\/v2\/product_cat?post=12621"},{"taxonomy":"product_tag","embeddable":true,"href":"https:\/\/fullatacados.com.br\/index.php\/wp-json\/wp\/v2\/product_tag?post=12621"}],"curies":[{"name":"wp","href":"https:\/\/api.w.org\/{rel}","templated":true}]}}