{"id":12602,"date":"2025-07-01T09:27:51","date_gmt":"2025-07-01T12:27:51","guid":{"rendered":"https:\/\/fullatacados.com.br\/index.php\/produto\/relacao-xr250-tornado-c-ret-smart\/"},"modified":"2026-04-22T17:45:08","modified_gmt":"2026-04-22T20:45:08","slug":"relacao-xr250-tornado-c-ret-smart","status":"publish","type":"product","link":"https:\/\/fullatacados.com.br\/index.php\/produto\/relacao-xr250-tornado-c-ret-smart\/","title":{"rendered":"RELACAO XR250 TORNADO C\/RET SMART"},"content":{"rendered":"<p>Rela\u00e7\u00e3o completa com retentor para Honda XR 250 Tornado, marca Smart. Conjunto com corrente, coroa e pinh\u00e3o, oferece maior veda\u00e7\u00e3o, durabilidade e desempenho na transmiss\u00e3o da moto.<\/p>\n","protected":false},"excerpt":{"rendered":"<p>Rela\u00e7\u00e3o completa com retentor para Honda XR 250 Tornado, marca Smart. Conjunto com corrente, coroa e pinh\u00e3o, oferece maior veda\u00e7\u00e3o, durabilidade e desempenho na transmiss\u00e3o da moto.<\/p>\n","protected":false},"featured_media":14782,"comment_status":"closed","ping_status":"closed","template":"","meta":{"_joinchat":[]},"product_brand":[181],"product_cat":[482,99],"product_tag":[],"class_list":{"0":"post-12602","1":"product","2":"type-product","3":"status-publish","4":"has-post-thumbnail","6":"product_brand-smartfox","7":"product_cat-moto-pecas","8":"product_cat-relacao","9":"product_shipping_class-envionormal","11":"first","12":"instock","13":"purchasable","14":"product-type-simple"},"_links":{"self":[{"href":"https:\/\/fullatacados.com.br\/index.php\/wp-json\/wp\/v2\/product\/12602","targetHints":{"allow":["GET"]}}],"collection":[{"href":"https:\/\/fullatacados.com.br\/index.php\/wp-json\/wp\/v2\/product"}],"about":[{"href":"https:\/\/fullatacados.com.br\/index.php\/wp-json\/wp\/v2\/types\/product"}],"replies":[{"embeddable":true,"href":"https:\/\/fullatacados.com.br\/index.php\/wp-json\/wp\/v2\/comments?post=12602"}],"wp:featuredmedia":[{"embeddable":true,"href":"https:\/\/fullatacados.com.br\/index.php\/wp-json\/wp\/v2\/media\/14782"}],"wp:attachment":[{"href":"https:\/\/fullatacados.com.br\/index.php\/wp-json\/wp\/v2\/media?parent=12602"}],"wp:term":[{"taxonomy":"product_brand","embeddable":true,"href":"https:\/\/fullatacados.com.br\/index.php\/wp-json\/wp\/v2\/product_brand?post=12602"},{"taxonomy":"product_cat","embeddable":true,"href":"https:\/\/fullatacados.com.br\/index.php\/wp-json\/wp\/v2\/product_cat?post=12602"},{"taxonomy":"product_tag","embeddable":true,"href":"https:\/\/fullatacados.com.br\/index.php\/wp-json\/wp\/v2\/product_tag?post=12602"}],"curies":[{"name":"wp","href":"https:\/\/api.w.org\/{rel}","templated":true}]}}