{"id":12599,"date":"2025-07-01T09:27:51","date_gmt":"2025-07-01T12:27:51","guid":{"rendered":"https:\/\/fullatacados.com.br\/index.php\/produto\/relacao-tit125-00-08-s-ret-scud\/"},"modified":"2026-04-22T14:45:07","modified_gmt":"2026-04-22T17:45:07","slug":"relacao-tit125-00-08-s-ret-scud","status":"publish","type":"product","link":"https:\/\/fullatacados.com.br\/index.php\/produto\/relacao-tit125-00-08-s-ret-scud\/","title":{"rendered":"RELACAO TIT125 00\/08 S\/RET SCUD"},"content":{"rendered":"<p>Rela\u00e7\u00e3o completa sem retentor para Honda Titan 125 (anos 2000 a 2008), marca Scud. Conjunto com corrente, coroa e pinh\u00e3o, oferece transmiss\u00e3o eficiente, durabilidade e \u00f3timo custo-benef\u00edcio.<\/p>\n","protected":false},"excerpt":{"rendered":"<p>Rela\u00e7\u00e3o completa sem retentor para Honda Titan 125 (anos 2000 a 2008), marca Scud. Conjunto com corrente, coroa e pinh\u00e3o, oferece transmiss\u00e3o eficiente, durabilidade e \u00f3timo custo-benef\u00edcio.<\/p>\n","protected":false},"featured_media":14779,"comment_status":"closed","ping_status":"closed","template":"","meta":{"_joinchat":[]},"product_brand":[185],"product_cat":[482,99],"product_tag":[],"class_list":{"0":"post-12599","1":"product","2":"type-product","3":"status-publish","4":"has-post-thumbnail","6":"product_brand-scud","7":"product_cat-moto-pecas","8":"product_cat-relacao","9":"product_shipping_class-envionormal","11":"first","12":"instock","13":"purchasable","14":"product-type-simple"},"_links":{"self":[{"href":"https:\/\/fullatacados.com.br\/index.php\/wp-json\/wp\/v2\/product\/12599","targetHints":{"allow":["GET"]}}],"collection":[{"href":"https:\/\/fullatacados.com.br\/index.php\/wp-json\/wp\/v2\/product"}],"about":[{"href":"https:\/\/fullatacados.com.br\/index.php\/wp-json\/wp\/v2\/types\/product"}],"replies":[{"embeddable":true,"href":"https:\/\/fullatacados.com.br\/index.php\/wp-json\/wp\/v2\/comments?post=12599"}],"wp:featuredmedia":[{"embeddable":true,"href":"https:\/\/fullatacados.com.br\/index.php\/wp-json\/wp\/v2\/media\/14779"}],"wp:attachment":[{"href":"https:\/\/fullatacados.com.br\/index.php\/wp-json\/wp\/v2\/media?parent=12599"}],"wp:term":[{"taxonomy":"product_brand","embeddable":true,"href":"https:\/\/fullatacados.com.br\/index.php\/wp-json\/wp\/v2\/product_brand?post=12599"},{"taxonomy":"product_cat","embeddable":true,"href":"https:\/\/fullatacados.com.br\/index.php\/wp-json\/wp\/v2\/product_cat?post=12599"},{"taxonomy":"product_tag","embeddable":true,"href":"https:\/\/fullatacados.com.br\/index.php\/wp-json\/wp\/v2\/product_tag?post=12599"}],"curies":[{"name":"wp","href":"https:\/\/api.w.org\/{rel}","templated":true}]}}