{"id":12579,"date":"2025-07-01T09:27:46","date_gmt":"2025-07-01T12:27:46","guid":{"rendered":"https:\/\/fullatacados.com.br\/index.php\/produto\/refil-bomba-combustivel-xre300-cb300\/"},"modified":"2026-04-27T17:00:08","modified_gmt":"2026-04-27T20:00:08","slug":"refil-bomba-combustivel-xre300-cb300","status":"publish","type":"product","link":"https:\/\/fullatacados.com.br\/index.php\/produto\/refil-bomba-combustivel-xre300-cb300\/","title":{"rendered":"REFIL BOMBA COMBUSTIVEL XRE300\/CB300"},"content":{"rendered":"<p>Refil da bomba de combust\u00edvel para Honda XRE 300 e CB 300. Pe\u00e7a essencial para o sistema de alimenta\u00e7\u00e3o, garante fluxo constante de combust\u00edvel e bom desempenho do motor.<\/p>\n","protected":false},"excerpt":{"rendered":"<p>Refil da bomba de combust\u00edvel para Honda XRE 300 e CB 300. Pe\u00e7a essencial para o sistema de alimenta\u00e7\u00e3o, garante fluxo constante de combust\u00edvel e bom desempenho do motor.<\/p>\n","protected":false},"featured_media":14784,"comment_status":"closed","ping_status":"closed","template":"","meta":{"_joinchat":[]},"product_brand":[199],"product_cat":[482,148],"product_tag":[],"class_list":{"0":"post-12579","1":"product","2":"type-product","3":"status-publish","4":"has-post-thumbnail","6":"product_brand-importado","7":"product_cat-moto-pecas","8":"product_cat-refil","9":"product_shipping_class-envionormal","11":"first","12":"instock","13":"purchasable","14":"product-type-simple"},"_links":{"self":[{"href":"https:\/\/fullatacados.com.br\/index.php\/wp-json\/wp\/v2\/product\/12579","targetHints":{"allow":["GET"]}}],"collection":[{"href":"https:\/\/fullatacados.com.br\/index.php\/wp-json\/wp\/v2\/product"}],"about":[{"href":"https:\/\/fullatacados.com.br\/index.php\/wp-json\/wp\/v2\/types\/product"}],"replies":[{"embeddable":true,"href":"https:\/\/fullatacados.com.br\/index.php\/wp-json\/wp\/v2\/comments?post=12579"}],"wp:featuredmedia":[{"embeddable":true,"href":"https:\/\/fullatacados.com.br\/index.php\/wp-json\/wp\/v2\/media\/14784"}],"wp:attachment":[{"href":"https:\/\/fullatacados.com.br\/index.php\/wp-json\/wp\/v2\/media?parent=12579"}],"wp:term":[{"taxonomy":"product_brand","embeddable":true,"href":"https:\/\/fullatacados.com.br\/index.php\/wp-json\/wp\/v2\/product_brand?post=12579"},{"taxonomy":"product_cat","embeddable":true,"href":"https:\/\/fullatacados.com.br\/index.php\/wp-json\/wp\/v2\/product_cat?post=12579"},{"taxonomy":"product_tag","embeddable":true,"href":"https:\/\/fullatacados.com.br\/index.php\/wp-json\/wp\/v2\/product_tag?post=12579"}],"curies":[{"name":"wp","href":"https:\/\/api.w.org\/{rel}","templated":true}]}}