{"id":12489,"date":"2025-07-01T09:27:17","date_gmt":"2025-07-01T12:27:17","guid":{"rendered":"https:\/\/fullatacados.com.br\/index.php\/produto\/oleo-20w-50-yamalube-1lt\/"},"modified":"2026-05-02T14:05:07","modified_gmt":"2026-05-02T17:05:07","slug":"oleo-20w-50-yamalube-1lt","status":"publish","type":"product","link":"https:\/\/fullatacados.com.br\/index.php\/produto\/oleo-20w-50-yamalube-1lt\/","title":{"rendered":"OLEO 20W\/50 YAMALUBE 1LT"},"content":{"rendered":"<p><span class=\"relative -mx-px my-[-0.2rem] rounded px-px py-[0.2rem] transition-colors duration-100 ease-in-out\">O \u00d3leo Yamalube 20W\u201150 \u00e9 um lubrificante <strong data-start=\"41\" data-end=\"76\">mineral multiviscoso SAE 20W\u201150<\/strong>, desenvolvido pela Yamaha para motores 4 tempos de motocicletas, scooters e quadriciclos. Seu uso \u00e9 indicado especialmente em modelos como Fazer, Lander, XT, Factor e FZ, proporcionando excelente limpeza das partes internas, alta resist\u00eancia \u00e0 oxida\u00e7\u00e3o e durabilidade em condi\u00e7\u00f5es severas de opera\u00e7\u00e3o. Atende \u00e0s normas <strong data-start=\"396\" data-end=\"406\">API SL<\/strong> e <strong data-start=\"409\" data-end=\"421\">JASO MA2<\/strong>, garantindo prote\u00e7\u00e3o certificada pela Yamaha<\/span><\/p>\n","protected":false},"excerpt":{"rendered":"<p data-start=\"262\" data-end=\"409\">\u00d3leo mineral Yamalube 20W\u201150 para motos 4 tempos: limpeza eficaz, prote\u00e7\u00e3o confi\u00e1vel e alta durabilidade em uso severo, com padr\u00e3o original Yamaha.<\/p>\n","protected":false},"featured_media":13194,"comment_status":"closed","ping_status":"closed","template":"","meta":{"_joinchat":[]},"product_brand":[180],"product_cat":[482,26],"product_tag":[],"class_list":{"0":"post-12489","1":"product","2":"type-product","3":"status-publish","4":"has-post-thumbnail","6":"product_brand-paralelo","7":"product_cat-moto-pecas","8":"product_cat-oleo","9":"product_shipping_class-envionormal","11":"first","12":"instock","13":"purchasable","14":"product-type-simple"},"_links":{"self":[{"href":"https:\/\/fullatacados.com.br\/index.php\/wp-json\/wp\/v2\/product\/12489","targetHints":{"allow":["GET"]}}],"collection":[{"href":"https:\/\/fullatacados.com.br\/index.php\/wp-json\/wp\/v2\/product"}],"about":[{"href":"https:\/\/fullatacados.com.br\/index.php\/wp-json\/wp\/v2\/types\/product"}],"replies":[{"embeddable":true,"href":"https:\/\/fullatacados.com.br\/index.php\/wp-json\/wp\/v2\/comments?post=12489"}],"wp:featuredmedia":[{"embeddable":true,"href":"https:\/\/fullatacados.com.br\/index.php\/wp-json\/wp\/v2\/media\/13194"}],"wp:attachment":[{"href":"https:\/\/fullatacados.com.br\/index.php\/wp-json\/wp\/v2\/media?parent=12489"}],"wp:term":[{"taxonomy":"product_brand","embeddable":true,"href":"https:\/\/fullatacados.com.br\/index.php\/wp-json\/wp\/v2\/product_brand?post=12489"},{"taxonomy":"product_cat","embeddable":true,"href":"https:\/\/fullatacados.com.br\/index.php\/wp-json\/wp\/v2\/product_cat?post=12489"},{"taxonomy":"product_tag","embeddable":true,"href":"https:\/\/fullatacados.com.br\/index.php\/wp-json\/wp\/v2\/product_tag?post=12489"}],"curies":[{"name":"wp","href":"https:\/\/api.w.org\/{rel}","templated":true}]}}